{"id":1637,"date":"2026-02-20T08:48:00","date_gmt":"2026-02-20T08:48:00","guid":{"rendered":"http:\/\/rpprojektai.lt\/b\/?page_id=1637"},"modified":"2026-04-08T06:11:41","modified_gmt":"2026-04-08T06:11:41","slug":"kaip-suzinoti-savo-ukio-ved","status":"publish","type":"page","link":"http:\/\/rpprojektai.lt\/b\/kaip-suzinoti-savo-ukio-ved\/","title":{"rendered":"Kaip su\u017einoti savo \u016bkio VED"},"content":{"rendered":"<div data-spectra-id=\"a0b3a546\"\tstyle=\"overflow: visible; --spectra-background-color: var(--ast-global-color-4);\" class=\"spectra-is-root-container alignfull spectra-overlay-color spectra-overflow spectra-background-color wp-block-spectra-container\" data-orientation=\"vertical\"\t>\n\t\n<div data-spectra-id=\"spectra-mhly2vvk-sh5317\" style=\"overflow: visible\" class=\"spectra-overlay-color spectra-overflow wp-block-spectra-container\" data-orientation=\"vertical\">\n\t\n\t<h3 data-spectra-id=\"spectra-cfdb72a0-heading\" style=\"--spectra-background-color-hover: var(u002du002dast-global-color-4)\" class=\"spectra-background-color-hover wp-block-spectra-content\">\n\t\tKaip su\u017einoti savo \u016bkio VED\t<\/h3>\n\n<\/div>\n\n<\/div>\n\n\n\n<p><\/p>\n\n\n\n<p>Kvietimai teikti parai\u0161kas ES paramai gauti 2026&nbsp;m.&nbsp;<\/p>\n\n\n\n<figure class=\"wp-block-table\"><table class=\"has-fixed-layout\"><tbody><tr><td><a href=\"https:\/\/rpprojektai.lt\/index.php\/zemes-ukiui\/32-parama-jaunuju-ukininku-isikurimui\">Jaun\u0173j\u0173 \u016bkinink\u0173 \u012fsik\u016brimas<\/a><\/td><td>2026-06-01<\/td><td>2026-06-30<\/td><\/tr><\/tbody><\/table><\/figure>\n\n\n\n<p><strong>Kaip su\u017einoti savo VED?&nbsp;<\/strong><\/p>\n\n\n\n<p>Parei\u0161k\u0117jai visus savo \u016bkio rodiklius gali su\u017einoti interneto tinklapyje&nbsp;<a href=\"http:\/\/paseliai.vic.lt\/\">http:\/\/paseliai.vic.lt<\/a>.<\/p>\n\n\n\n<p><strong>PAGRINDINI\u0172 STANDARTIN\u0116S PRODUKCIJOS R\u016a\u0160I\u0172 VER\u010cI\u0172 S\u0104RA\u0160AS NUO 2025 m.<\/strong><\/p>\n\n\n\n<figure class=\"wp-block-table\"><table class=\"has-fixed-layout\"><tbody><tr><td><strong>Eil. Nr.<\/strong><\/td><td><strong>Standartin\u0117s produkcijos r\u016b\u0161is<\/strong><\/td><td><strong>Matavimo vienetas<\/strong><\/td><td><strong>Vert\u0117<\/strong><strong>Eur<\/strong><\/td><\/tr><tr><td>1<\/td><td>Kvie\u010diai<\/td><td>Eur\/ha<\/td><td>893<\/td><\/tr><tr><td>2<\/td><td>Rugiai<\/td><td>Eur\/ha<\/td><td>369<\/td><\/tr><tr><td>3<\/td><td>Mie\u017eiai<\/td><td>Eur\/ha<\/td><td>647<\/td><\/tr><tr><td>4<\/td><td>Avi\u017eos<\/td><td>Eur\/ha<\/td><td>344<\/td><\/tr><tr><td>5<\/td><td>Kukur\u016bzai gr\u016bdams<\/td><td>Eur\/ha<\/td><td>1120<\/td><\/tr><tr><td>6<\/td><td>Kiti javai (kvietrugiai, grikiai ir kt.)<\/td><td>Eur\/ha<\/td><td>471<\/td><\/tr><tr><td>7<\/td><td>Ank\u0161tiniai javai<\/td><td>Eur\/ha<\/td><td>522<\/td><\/tr><tr><td>8<\/td><td>Bulv\u0117s<\/td><td>Eur\/ha<\/td><td>3192<\/td><\/tr><tr><td>9<\/td><td>Cukriniai runkeliai<\/td><td>Eur\/ha<\/td><td>1937<\/td><\/tr><tr><td>10<\/td><td>Pa\u0161ariniai \u0161akniavaisiai<\/td><td>Eur\/ha<\/td><td>696<\/td><\/tr><tr><td>11<\/td><td>Rapsai<\/td><td>Eur\/ha<\/td><td>1193<\/td><\/tr><tr><td>12<\/td><td>Saul\u0117gr\u0105\u017e\u0173 s\u0117klos<\/td><td>Eur\/ha<\/td><td>676<\/td><\/tr><tr><td>13<\/td><td>Soja<\/td><td>Eur\/ha<\/td><td>557<\/td><\/tr><tr><td>14<\/td><td>S\u0117meniniai linai<\/td><td>Eur\/ha<\/td><td>625<\/td><\/tr><tr><td>15<\/td><td>Kiti aliejiniai augalai<\/td><td>Eur\/ha<\/td><td>774<\/td><\/tr><tr><td>16<\/td><td>Linai<\/td><td>Eur\/ha<\/td><td>176<\/td><\/tr><tr><td>17<\/td><td>Kanap\u0117s<\/td><td>Eur\/ha<\/td><td>342<\/td><\/tr><tr><td>18<\/td><td>Kiti pluo\u0161tiniai augalai<\/td><td>Eur\/ha<\/td><td>176<\/td><\/tr><tr><td>19<\/td><td>Tabakas<\/td><td>Eur\/ha<\/td><td>430<\/td><\/tr><tr><td>20<\/td><td>Apyniai<\/td><td>Eur\/ha<\/td><td>741<\/td><\/tr><tr><td>21<\/td><td>Kvapieji, vaistiniai, prieskoniniai augalai<\/td><td>Eur\/ha<\/td><td>741<\/td><\/tr><tr><td>22<\/td><td>Kiti energetiniai ir pramoniniai augalai<\/td><td>Eur\/ha<\/td><td>430<\/td><\/tr><tr><td>23<\/td><td>Vienmet\u0117s ir daugiamet\u0117s \u017eol\u0117s<\/td><td>Eur\/ha<\/td><td>196<\/td><\/tr><tr><td>24<\/td><td>Ank\u0161tiniai pa\u0161ariniai augalai<\/td><td>Eur\/ha<\/td><td>439<\/td><\/tr><tr><td>25<\/td><td>Kukur\u016bzai \u017ealiajam pa\u0161arui<\/td><td>Eur\/ha<\/td><td>713<\/td><\/tr><tr><td>26<\/td><td>Kiti pa\u0161ariniai augalai<\/td><td>Eur\/ha<\/td><td>354<\/td><\/tr><tr><td>27<\/td><td>Burok\u0117liai<\/td><td>Eur\/ha<\/td><td>3604<\/td><\/tr><tr><td>28<\/td><td>\u010cesnakai<\/td><td>Eur\/ha<\/td><td>6832<\/td><\/tr><tr><td>29<\/td><td>Kop\u016bstin\u0117s dar\u017eov\u0117s<\/td><td>Eur\/ha<\/td><td>8471<\/td><\/tr><tr><td>30<\/td><td>Moli\u016bgin\u0117s dar\u017eov\u0117s<\/td><td>Eur\/ha<\/td><td>3866<\/td><\/tr><tr><td>31<\/td><td>Morkos<\/td><td>Eur\/ha<\/td><td>7770<\/td><\/tr><tr><td>32<\/td><td>Ridik\u0117liai ir ridikai<\/td><td>Eur\/ha<\/td><td>2855<\/td><\/tr><tr><td>33<\/td><td>Svog\u016bnai<\/td><td>Eur\/ha<\/td><td>5662<\/td><\/tr><tr><td>34<\/td><td>Atviro grunto bra\u0161k\u0117s<\/td><td>Eur\/ha<\/td><td>11379<\/td><\/tr><tr><td>35<\/td><td>Kitos atviro grunto dar\u017eov\u0117s, g\u0117l\u0117s<\/td><td>Eur\/ha<\/td><td>8063<\/td><\/tr><tr><td>36<\/td><td>U\u017edaro grunto dar\u017eov\u0117s, g\u0117l\u0117s<\/td><td>Eur\/ha<\/td><td>54046<\/td><\/tr><tr><td>37<\/td><td>U\u017edaro grunto bra\u0161k\u0117s<\/td><td>Eur\/ha<\/td><td>59438<\/td><\/tr><tr><td>38<\/td><td>S\u0117klos ir sodinukai<\/td><td>Eur\/ha<\/td><td>764<\/td><\/tr><tr><td>39<\/td><td>Kiti augalai<\/td><td>Eur\/ha<\/td><td>80<\/td><\/tr><tr><td>40<\/td><td>P\u016bdymai<\/td><td>Eur\/ha<\/td><td>0<\/td><\/tr><tr><td>41<\/td><td>Kult\u016brin\u0117s pievos ir ganyklos (&gt;&nbsp;5&nbsp;m.)<\/td><td>Eur\/ha<\/td><td>107<\/td><\/tr><tr><td>42<\/td><td>Nat\u016bralios pievos ir ganyklos<\/td><td>Eur\/ha<\/td><td>45<\/td><\/tr><tr><td>43<\/td><td>S\u0117klavaisiai<\/td><td>Eur\/ha<\/td><td>1115<\/td><\/tr><tr><td>44<\/td><td>Kaulavaisiai<\/td><td>Eur\/ha<\/td><td>1195<\/td><\/tr><tr><td>45<\/td><td>Juodieji serbentai<\/td><td>Eur\/ha<\/td><td>778<\/td><\/tr><tr><td>46<\/td><td>Raudonieji ir baltieji serbentai<\/td><td>Eur\/ha<\/td><td>468<\/td><\/tr><tr><td>47<\/td><td>Aviet\u0117s<\/td><td>Eur\/ha<\/td><td>4403<\/td><\/tr><tr><td>48<\/td><td>\u0160ilauog\u0117s<\/td><td>Eur\/ha<\/td><td>6827<\/td><\/tr><tr><td>49<\/td><td>\u0160altalankiai<\/td><td>Eur\/ha<\/td><td>579<\/td><\/tr><tr><td>50<\/td><td>Kitos uogos<\/td><td>Eur\/ha<\/td><td>1303<\/td><\/tr><tr><td>51<\/td><td>Rie\u0161utai<\/td><td>Eur\/ha<\/td><td>1076<\/td><\/tr><tr><td>52<\/td><td>Medelynai<\/td><td>Eur\/ha<\/td><td>11961<\/td><\/tr><tr><td>53<\/td><td>Kiti daugiame\u010diai augalai<\/td><td>Eur\/ha<\/td><td>2591<\/td><\/tr><tr><td>54<\/td><td>Pievagrybiai<\/td><td>Eur\/100 m<sup>2<\/sup><\/td><td>24263<\/td><\/tr><tr><td>55<\/td><td>Valgomieji danteniai (\u0161itakiai), kreivabud\u0117s ir kt. grybai<\/td><td>Eur\/100 m<sup>2<\/sup><\/td><td>13854<\/td><\/tr><tr><td>56<\/td><td>Galvijai &lt; 1 m.<\/td><td>Eur\/vnt.<\/td><td>355<\/td><\/tr><tr><td>57<\/td><td>Buliai 1\u2013&lt;2 m.<\/td><td>Eur\/vnt.<\/td><td>611<\/td><\/tr><tr><td>58<\/td><td>Tely\u010dios 1\u2013&lt;&nbsp;2 m.<\/td><td>Eur\/vnt.<\/td><td>369<\/td><\/tr><tr><td>59<\/td><td>Buliai \u2265&nbsp;2 m<\/td><td>Eur\/vnt.<\/td><td>315<\/td><\/tr><tr><td>60<\/td><td>Tely\u010dios \u2265&nbsp;2 m.<\/td><td>Eur\/vnt.<\/td><td>366<\/td><\/tr><tr><td>61<\/td><td>Mel\u017eiamos karv\u0117s (pienini\u0173 veisli\u0173)<\/td><td>Eur\/vnt.<\/td><td>2184<\/td><\/tr><tr><td>62<\/td><td>Kitos karv\u0117s<\/td><td>Eur\/vnt.<\/td><td>373<\/td><\/tr><tr><td>63<\/td><td>\u0116riaved\u0117s<\/td><td>Eur\/vnt.<\/td><td>83<\/td><\/tr><tr><td>64<\/td><td>Kitos avys<\/td><td>Eur\/vnt.<\/td><td>65<\/td><\/tr><tr><td>65<\/td><td>O\u017ekos vedekl\u0117s<\/td><td>Eur\/vnt.<\/td><td>254<\/td><\/tr><tr><td>66<\/td><td>Kitos o\u017ekos<\/td><td>Eur\/vnt.<\/td><td>67<\/td><\/tr><tr><td>67<\/td><td>Par\u0161eliai<\/td><td>Eur\/vnt.<\/td><td>104<\/td><\/tr><tr><td>68<\/td><td>Par\u0161aved\u0117s<\/td><td>Eur\/vnt.<\/td><td>812<\/td><\/tr><tr><td>69<\/td><td>Kitos kiaul\u0117s<\/td><td>Eur\/vnt.<\/td><td>210<\/td><\/tr><tr><td>70<\/td><td>M\u0117siniai vi\u0161\u010diukai<\/td><td>Eur\/100 vnt.<\/td><td>929<\/td><\/tr><tr><td>71<\/td><td>Vi\u0161tos dedekl\u0117s<\/td><td>Eur\/100 vnt.<\/td><td>1718<\/td><\/tr><tr><td>72<\/td><td>Dedeklin\u0117s vi\u0161tait\u0117s (dedekli\u0173 prieauglis)<\/td><td>Eur\/100 vnt.<\/td><td>615<\/td><\/tr><tr><td>73<\/td><td>Kalakutai<\/td><td>Eur\/100 vnt.<\/td><td>3082<\/td><\/tr><tr><td>74<\/td><td>Antys<\/td><td>Eur\/100 vnt.<\/td><td>1025<\/td><\/tr><tr><td>75<\/td><td>\u017d\u0105sys<\/td><td>Eur\/100 vnt.<\/td><td>1984<\/td><\/tr><tr><td>76<\/td><td>Stru\u010diai<\/td><td>Eur\/100 vnt.<\/td><td>9797<\/td><\/tr><tr><td>77<\/td><td>Perlin\u0117s vi\u0161tos ir kiti smulk\u016bs pauk\u0161\u010diai<\/td><td>Eur\/100 vnt.<\/td><td>551<\/td><\/tr><tr><td>78<\/td><td>Triu\u0161i\u0173 patel\u0117s<\/td><td>Eur\/vnt.<\/td><td>183<\/td><\/tr><tr><td>79<\/td><td>Bi\u010di\u0173 \u0161eimos<\/td><td>Eur\/\u0161eimai<\/td><td>127<\/td><\/tr><tr><td>80<\/td><td>Sliekai<\/td><td>Eur\/m<sup>2<\/sup><\/td><td>69<\/td><\/tr><tr><td>81<\/td><td>Alpakos<\/td><td>Eur\/vnt.<\/td><td>683<\/td><\/tr><tr><td>82<\/td><td>Elniai<\/td><td>Eur\/vnt.<\/td><td>252<\/td><\/tr><tr><td>83<\/td><td>Danieliai<\/td><td>Eur\/vnt.<\/td><td>141<\/td><\/tr><tr><td>84<\/td><td>Muflonai<\/td><td>Eur\/vnt.<\/td><td>155<\/td><\/tr><tr><td>85<\/td><td>Bizonai, stumbrai<\/td><td>Eur\/vnt.<\/td><td>925<\/td><\/tr><tr><td>86<\/td><td>Sraig\u0117s<\/td><td>Eur\/ha<\/td><td>9794<\/td><\/tr><tr><td>87<\/td><td>Sraig\u0117s (auginamos u\u017edarose patalpose)<\/td><td>Eur\/1000 vnt.<\/td><td>28<\/td><\/tr><tr><td>88<\/td><td>Audin\u0117s, \u0161in\u0161ilos ir kt. kailiniai \u017ev\u0117reliai<\/td><td>Eur\/vnt.<\/td><td>29<\/td><\/tr><tr><td>89<\/td><td>Akvakult\u016bros tvenkini\u0173 \u017euvys<\/td><td>Eur\/ha<\/td><td>1057<\/td><\/tr><tr><td>90<\/td><td>U\u017edarosiose akvakult\u016bros sistemose veisiamos ir (ar) auginamos \u017euvys<\/td><td>Eur\/m<sup>3<\/sup><\/td><td>391<\/td><\/tr><\/tbody><\/table><\/figure>\n","protected":false},"excerpt":{"rendered":"<p>Kvietimai teikti parai\u0161kas ES paramai gauti 2026&nbsp;m.&nbsp; Jaun\u0173j\u0173 \u016bkinink\u0173 \u012fsik\u016brimas 2026-06-01 2026-06-30 Kaip su\u017einoti savo VED?&nbsp; Parei\u0161k\u0117jai visus savo \u016bkio [&hellip;]<\/p>\n","protected":false},"author":1,"featured_media":0,"parent":0,"menu_order":0,"comment_status":"closed","ping_status":"closed","template":"","meta":{"_uag_custom_page_level_css":"","site-sidebar-layout":"right-sidebar","site-content-layout":"","ast-site-content-layout":"default","site-content-style":"default","site-sidebar-style":"default","ast-global-header-display":"","ast-banner-title-visibility":"","ast-main-header-display":"","ast-hfb-above-header-display":"","ast-hfb-below-header-display":"","ast-hfb-mobile-header-display":"","site-post-title":"disabled","ast-breadcrumbs-content":"","ast-featured-img":"","footer-sml-layout":"","ast-disable-related-posts":"","theme-transparent-header-meta":"enabled","adv-header-id-meta":"","stick-header-meta":"","header-above-stick-meta":"","header-main-stick-meta":"","header-below-stick-meta":"","astra-migrate-meta-layouts":"default","ast-page-background-enabled":"default","ast-page-background-meta":{"desktop":{"background-color":"var(--ast-global-color-4)","background-image":"","background-repeat":"repeat","background-position":"center center","background-size":"auto","background-attachment":"scroll","background-type":"","background-media":"","overlay-type":"","overlay-color":"","overlay-opacity":"","overlay-gradient":""},"tablet":{"background-color":"","background-image":"","background-repeat":"repeat","background-position":"center center","background-size":"auto","background-attachment":"scroll","background-type":"","background-media":"","overlay-type":"","overlay-color":"","overlay-opacity":"","overlay-gradient":""},"mobile":{"background-color":"","background-image":"","background-repeat":"repeat","background-position":"center center","background-size":"auto","background-attachment":"scroll","background-type":"","background-media":"","overlay-type":"","overlay-color":"","overlay-opacity":"","overlay-gradient":""}},"ast-content-background-meta":{"desktop":{"background-color":"var(--ast-global-color-5)","background-image":"","background-repeat":"repeat","background-position":"center center","background-size":"auto","background-attachment":"scroll","background-type":"","background-media":"","overlay-type":"","overlay-color":"","overlay-opacity":"","overlay-gradient":""},"tablet":{"background-color":"var(--ast-global-color-5)","background-image":"","background-repeat":"repeat","background-position":"center center","background-size":"auto","background-attachment":"scroll","background-type":"","background-media":"","overlay-type":"","overlay-color":"","overlay-opacity":"","overlay-gradient":""},"mobile":{"background-color":"var(--ast-global-color-5)","background-image":"","background-repeat":"repeat","background-position":"center center","background-size":"auto","background-attachment":"scroll","background-type":"","background-media":"","overlay-type":"","overlay-color":"","overlay-opacity":"","overlay-gradient":""}},"footnotes":""},"class_list":["post-1637","page","type-page","status-publish","hentry"],"uagb_featured_image_src":{"full":false,"thumbnail":false,"medium":false,"medium_large":false,"large":false,"1536x1536":false,"2048x2048":false},"uagb_author_info":{"display_name":"Regionu pletros projektai","author_link":"http:\/\/rpprojektai.lt\/b\/author\/regionu-pletros-projektai\/"},"uagb_comment_info":0,"uagb_excerpt":"Kvietimai teikti parai\u0161kas ES paramai gauti 2026&nbsp;m.&nbsp; Jaun\u0173j\u0173 \u016bkinink\u0173 \u012fsik\u016brimas 2026-06-01 2026-06-30 Kaip su\u017einoti savo VED?&nbsp; Parei\u0161k\u0117jai visus savo \u016bkio [&hellip;]","_links":{"self":[{"href":"http:\/\/rpprojektai.lt\/b\/wp-json\/wp\/v2\/pages\/1637","targetHints":{"allow":["GET"]}}],"collection":[{"href":"http:\/\/rpprojektai.lt\/b\/wp-json\/wp\/v2\/pages"}],"about":[{"href":"http:\/\/rpprojektai.lt\/b\/wp-json\/wp\/v2\/types\/page"}],"author":[{"embeddable":true,"href":"http:\/\/rpprojektai.lt\/b\/wp-json\/wp\/v2\/users\/1"}],"replies":[{"embeddable":true,"href":"http:\/\/rpprojektai.lt\/b\/wp-json\/wp\/v2\/comments?post=1637"}],"version-history":[{"count":2,"href":"http:\/\/rpprojektai.lt\/b\/wp-json\/wp\/v2\/pages\/1637\/revisions"}],"predecessor-version":[{"id":1756,"href":"http:\/\/rpprojektai.lt\/b\/wp-json\/wp\/v2\/pages\/1637\/revisions\/1756"}],"wp:attachment":[{"href":"http:\/\/rpprojektai.lt\/b\/wp-json\/wp\/v2\/media?parent=1637"}],"curies":[{"name":"wp","href":"https:\/\/api.w.org\/{rel}","templated":true}]}}