{"id":1613,"date":"2026-02-20T08:13:58","date_gmt":"2026-02-20T08:13:58","guid":{"rendered":"http:\/\/rpprojektai.lt\/b\/?page_id=1613"},"modified":"2026-04-08T06:10:46","modified_gmt":"2026-04-08T06:10:46","slug":"jaunuju-ukininku-isikurimas","status":"publish","type":"page","link":"https:\/\/rpprojektai.lt\/b\/jaunuju-ukininku-isikurimas\/","title":{"rendered":"Jaun\u0173j\u0173 \u016bkinink\u0173 \u012fsik\u016brimas"},"content":{"rendered":"<div data-spectra-id=\"a0b3a546\"\tstyle=\"overflow: visible; --spectra-background-color: var(--ast-global-color-4);\" class=\"spectra-is-root-container alignfull spectra-overlay-color spectra-overflow spectra-background-color wp-block-spectra-container\" data-orientation=\"vertical\"\t>\n\t\n<div data-spectra-id=\"spectra-mhly2vvk-sh5317\" style=\"overflow: visible\" class=\"spectra-overlay-color spectra-overflow wp-block-spectra-container\" data-orientation=\"vertical\">\n\t\n\t<h3 data-spectra-id=\"spectra-cfdb72a0-heading\" class=\"wp-block-spectra-content\">\n\t\tJaun\u0173j\u0173 \u016bkinink\u0173 \u012fsik\u016brimas 2026 m.\t<\/h3>\n\n<\/div>\n\n<\/div>\n\n\n\n<p><br>Priemon\u0117 \u201eJaun\u0173j\u0173 \u016bkinink\u0173 \u012fsik\u016brimas\u201c<\/p>\n\n\n\n<p><\/p>\n\n\n\n<ul class=\"wp-block-list\">\n<li>Paramos formos:<br>&#8211; Lengvatin\u0117 paskola: iki 100 000 Eur<br>&#8211; Dotacija: iki 60 000 Eur<\/li>\n\n\n\n<li>Parai\u0161k\u0173 pri\u0117mimas:<br>&#8211; Lengvatin\u0117s paskolos: nuo 2026 m. sausio 2 d. iki gegu\u017e\u0117s 29 d.<br><strong>&#8211; Dotacijos: nuo 2026 m. bir\u017eelio 1 d. iki bir\u017eelio 30 d.<\/strong><\/li>\n\n\n\n<li>Remiamos veiklos: \u017eem\u0117s \u016bkio produkt\u0173 pirmin\u0117 gamyba, perdirbimas, gyvulininkyst\u0117, sodininkyst\u0117, dar\u017eininkyst\u0117, uogininkyst\u0117, kita augalininkyst\u0117<\/li>\n\n\n\n<li>Am\u017eiaus limitas: \u016bkininkai iki 40 met\u0173, pirm\u0105 kart\u0105 \u012fsikuriantys \u016bkyje<\/li>\n\n\n\n<li>Svarbiausi reikalavimai:&nbsp;valdos ekonominis dydis (VED) 12 000-70 000 Eur, verslo plano parengimas<\/li>\n<\/ul>\n\n\n\n<p><\/p>\n\n\n\n<p class=\"has-vivid-cyan-blue-color has-text-color has-link-color wp-elements-ca2f8368f3cfdf2c05f97b53ea27f3fb\" style=\"border-width:1px\">Projekto parengimo kaina 1600 Eur:<br>800 Eur mok\u0117jimas, parengus dokumentus<br>800 Eur mok\u0117jimas, patvirtinus ES paramos gavim\u0105<\/p>\n\n\n\n<p><br><strong>Reikalavimai<\/strong><\/p>\n\n\n\n<p>Parei\u0161k\u0117jas laikomas tinkamu gauti param\u0105, jei atitinka \u0161ias tinkamumo gauti param\u0105 s\u0105lygas ir reikalavimus:<\/p>\n\n\n\n<p>1. Parei\u0161k\u0117jo \u016bkis ir valda \u012fregistruota (juridinio asmens atveju \u2013 valda) paramos parai\u0161kos pateikimo.<\/p>\n\n\n\n<p>2. Po projekto VED turi b\u016bti&nbsp;nuo 12 000 iki 70 000 Eur ir daugiau.&nbsp;<a href=\"\/b\/kaip-suzinoti-savo-ukio-ved\" target=\"_blank\" rel=\"noreferrer noopener\">Daugiau apie VED skai\u010diavim\u0105<\/a>.<\/p>\n\n\n\n<p>3. Parama teikiama Sutarties d\u0117l Europos S\u0105jungos veikimo I priedo produkt\u0173 pirminei gamybai ir valdoje pagamintiems ir (arba) u\u017eaugintiems produktams perdirbti, \u012fskaitant pirmin\u012f perdirbim\u0105;&nbsp;<\/p>\n\n\n\n<p>4.<strong>&nbsp;Su parai\u0161ka pateiktas verslo planas<\/strong>, parengtas pagal agent\u016bros patvirtint\u0105 form\u0105.<\/p>\n\n\n\n<p>5. Parei\u0161k\u0117jo valda negali b\u016bti perregistruota i\u0161 sutuoktinio&nbsp;(taikoma, kai parei\u0161k\u0117jas yra fizinis asmuo);<\/p>\n\n\n\n<p>6. Parei\u0161k\u0117jo valda gali b\u016bti sudaryta i\u0161 sklyp\u0173, kurie buvo sutuoktinio valdoje, jei \u0161iems sklypams nebuvo skirta parama pagal intervencin\u0119 priemon\u0119 ir pagal Lietuvos kaimo pl\u0117tros 2014\u20132020 met\u0173 programos priemon\u0117s \u201e\u016akio ir verslo pl\u0117tra\u201c veiklos srit\u012f \u201eParama jaun\u0173j\u0173 \u016bkinink\u0173 \u012fsik\u016brimui\u201c&nbsp;(taikoma, kai parei\u0161k\u0117jas yra fizinis asmuo);<\/p>\n\n\n\n<p><strong>\u012esipareigojimai<\/strong><\/p>\n\n\n\n<p>Parei\u0161k\u0117jas, gaunantis param\u0105 prisiima ir iki kontrol\u0117s laikotarpio pabaigos laikosi \u0161i\u0173 \u012fsipareigojim\u0173:&nbsp;<\/p>\n\n\n\n<p>1. Prad\u0117ti \u012fgyvendinti verslo plan\u0105 per 9 m\u0117n. nuo sprendimo skirti param\u0105 pri\u0117mimo dienos.<\/p>\n\n\n\n<p>2. U\u017etikrinti, kad VED nuo verslo plano \u012fgyvendinimo pabaigos iki verslo plano kontrol\u0117s laikotarpio pabaigos bus ne ma\u017eesnis kaip 12 000 Eur.<\/p>\n\n\n\n<p>3. \u012evykus \u012fvykiui, kurio metu buvo sugadintas ar sunaikintas paramos l\u0117\u0161omis \u012fsigytas ar sukurtas turtas, \u012fsipareigoja atstatyti turt\u0105 ne ma\u017eesne negu atkuriam\u0105ja verte.<\/p>\n\n\n\n<p>4. Iki verslo plano \u012fgyvendinimo pabaigos sukurti ir iki projekto kontrol\u0117s laikotarpio pabaigos i\u0161laikyti numatytas naujas darbo vietas (ne ma\u017eiau kaip vien\u0105).<\/p>\n\n\n\n<p>5. U\u017etikrinti, kad pajamos i\u0161&nbsp;\u017eem\u0117s \u016bkio veiklos ir \u017eem\u0117s \u016bkio valdoje pagamint\u0173&nbsp;ar i\u0161augint\u0173 \u017eem\u0117s \u016bkio produkt\u0173 perdirbimo, \u012fskaitant pirmin\u012f perdirbim\u0105,&nbsp;nuo verslo plano \u012fgyvendinimo pabaigos iki verslo plano kontrol\u0117s laikotarpio pabaigos bus ne ma\u017eesn\u0117s kaip 50 proc. VED reik\u0161m\u0117s.&nbsp;<\/p>\n\n\n\n<p>6. U\u017etikrinti, kad pajamos i\u0161 \u017eem\u0117s \u016bkio veiklos ir \u017eem\u0117s \u016bkio valdoje pagamint\u0173&nbsp;ar i\u0161augint\u0173 \u017eem\u0117s \u016bkio produkt\u0173 perdirbimo, \u012fskaitant pirmin\u012f perdirbim\u0105, nuo verslo plano \u012fgyvendinimo pabaigos iki verslo plano kontrol\u0117s laikotarpio pabaigos per metus bus ne ma\u017eesn\u0117s negu 12 (dvylika) parai\u0161kos pateikimo metais galiojusi\u0173 minimali\u0173 m\u0117nesini\u0173 alg\u0173.<\/p>\n\n\n\n<p><strong>Dotacijos dydis<\/strong>&nbsp;<\/p>\n\n\n\n<p>1. Did\u017eiausias dotacijos (vienkartin\u0117s i\u0161mokos) dydis \u2013 60 000 Eur. Parei\u0161k\u0117jui ir sutuoktiniui bendra paramos suma pagal intervencin\u0119 priemon\u0119 irLietuvos kaimo pl\u0117tros 2014\u20132020 met\u0173 programos priemon\u0117s \u201e\u016akio ir verslo pl\u0117tra\u201c veiklos srit\u012f \u201eParama jaun\u0173j\u0173 \u016bkinink\u0173 \u012fsik\u016brimui\u201c&nbsp;negali vir\u0161yti \u0161iame punkte numatytos galimos i\u0161mokos sumos.<\/p>\n\n\n\n<p>2. Parama skiriama verslo planui \u012fgyvendinti irmokama dviem dalin\u0117mis i\u0161mokomis.<\/p>\n\n\n\n<p>3. Pirmoji i\u0161mokos dalis, sudaranti 80 proc. visos i\u0161mokos sumos, paramos gav\u0117jui i\u0161mokama po sprendimo skirti param\u0105 pri\u0117mimo. Likusi 20 proc. i\u0161mokos dalis mokama kitais metais po verslo plano tinkamo \u012fgyvendinimo. Jeigu verslo planas \u012fgyvendintas netinkamai, i\u0161moka nemokama (i\u0161mok\u0117ta i\u0161mokos dalis susigr\u0105\u017einama).<\/p>\n\n\n\n<p><strong>Verslo planas laikomas tinkamai \u012fgyvendintu, kai:<\/strong><\/p>\n\n\n\n<p>1. Vykdoma numatyta \u016bkin\u0117 veikla.<\/p>\n\n\n\n<p>2. Atliktos (apmok\u0117tos, pristatytos \u012f \u016bk\u012f, \u012fregistruotos vie\u0161uosiuose registruose (jei registracija privaloma)) bei naudojamos tik verslo plane numatytai veiklai vykdyti visos verslo plane numatytos investicijos.<\/p>\n\n\n\n<p>3. Grynojo pelningumo arba skolos rodiklio reik\u0161m\u0117 atitinka&nbsp;ekonominio gyvybingumo nustatymo taisykl\u0117se&nbsp;nurodytas reik\u0161mes.<\/p>\n\n\n\n<p>4. Pasiektas VED ne ma\u017eesnis kaip 12&nbsp;000 Eur.<\/p>\n\n\n\n<p>5. Pasiektos metin\u0117s pajamos i\u0161 \u017eem\u0117s \u016bkio veiklos ir \u017eem\u0117s \u016bkio valdoje pagamint\u0173&nbsp;ar i\u0161augint\u0173 \u017eem\u0117s \u016bkio produkt\u0173 perdirbimo, \u012fskaitant pirmin\u012f perdirbim\u0105, ne ma\u017eesn\u0117s kaip 75&nbsp;proc. VED reik\u0161m\u0117s.<\/p>\n\n\n\n<p>6. Sukurta ne ma\u017eiau kaip viena nauja darbo vieta, kaip nurodyta Naujos darbo vietos suk\u016brimo ir i\u0161laikymo vertinimo metodikoje (taikoma juridiniams asmenims).<\/p>\n\n\n\n<p>7. Pasiektos metin\u0117s pajamos i\u0161 \u017eem\u0117s \u016bkio veiklos ir \u017eem\u0117s \u016bkio valdoje pagamint\u0173&nbsp;ar i\u0161augint\u0173 \u017eem\u0117s \u016bkio produkt\u0173 perdirbimo, \u012fskaitant pirmin\u012f perdirbim\u0105, ne ma\u017eesn\u0117s negu 12 (dvylika) parai\u0161kos pateikimo metais galiojusi\u0173 MMA (taikoma fiziniams asmenims).<\/p>\n\n\n\n<p><strong>Atrankos balai (buvo 2025 m.)<\/strong><\/p>\n\n\n\n<p>1. kai kuriamas&nbsp;ekologinis \u016bkis, suteikiama&nbsp;<strong>15 bal\u0173<\/strong>. Atitiktis tikrinama pagal sertifikavimo institucijos i\u0161duot\u0105 ekologin\u0119 gamyb\u0105 patvirtinant\u012f dokument\u0105 (turi b\u016bti sertifikuota ne ma\u017eiau kaip 50 proc. deklaruoto \u017d\u016aN ploto, laikom\u0173 \u016bkini\u0173 gyv\u016bn\u0173 r\u016b\u0161i\u0173). Tikrinama \u012fgyvendinus verslo plan\u0105 ir verslo plano kontrol\u0117s laikotarpiu: \u012fgyvendinus verslo plan\u0105, paramos gav\u0117jas vykdo ekologin\u0119 gamyb\u0105 arba kontroliuojan\u010dioje institucijoje yra registruotas kaip per\u0117jimo prie ekologinio \u016bkininkavimo laikotarpio \u016bkis ir turi sertifikavimo institucijos i\u0161duot\u0105 ekologin\u0117s gamybos patvirtinimo dokument\u0105 bei \u012fsipareigoja iki projekto kontrol\u0117s pabaigos vykdyti ekologin\u0119 gamyb\u0105. \u017d\u016aN plotas tikrinamas pagal konkre\u010diais metais deklaruot\u0105 \u017d\u016aN plot\u0105, o \u016bkiniai gyv\u016bnai pagal sertifikate nurodyt\u0105 patikrinimo dat\u0105. Sertifikuota produkcija turi b\u016bti susijusi su verslo plane numatyt\u0173 produkt\u0173 gamyba ar perdirbimu.<\/p>\n\n\n\n<p>2. Kai projekte numatyta vykdyti gamyb\u0105 pagal nacionalin\u0117s \u017eem\u0117s \u016bkio ir maisto kokyb\u0117s sistemos&nbsp;(NKP) reikalavimus,&nbsp;<strong>suteikiama 5 balai<\/strong>;<\/p>\n\n\n\n<p>3. Kai projektas prisideda prie tvarios \u017eem\u0117s \u016bkio veiklos vykdymo, daugiausia gali b\u016bti&nbsp;<strong>suteikiama 20 bal\u0173<\/strong>. U\u017e kiekvien\u0105 Taisykli\u0173 31.3.1-31.3.4 papunk\u010diuose nurodyt\u0105 po\u017eym\u012f gali b\u016bti suteikiama po 5 balus:<\/p>\n\n\n\n<p>3.1. Projektas prisideda prie aplinkos tar\u0161os ma\u017einimo, dalyvaujant ne ma\u017eiau kaip 50 proc. deklaruoto \u017d\u016aN ploto bent vienoje Strateginio plano intervencin\u0117je priemon\u0117je, patenkan\u010dioje \u012f Klimatui, aplinkai ir gyv\u016bn\u0173 gerovei naudingas sistemas (Eko schemas), i\u0161skyrus u\u017e dalyvavim\u0105 priemon\u0117se \u201eEkologinis \u016bkininkavimas\u201c, \u201ePer\u0117jimas prie ekologinio \u016bkininkavimo\u201c, \u201eTausojanti vaisi\u0173, uog\u0173 ir dar\u017eovi\u0173 programa\u201c (NKP), \u201eGyv\u016bn\u0173 gerov\u0117\u201c.<strong>&nbsp;(5 balai)<\/strong><\/p>\n\n\n\n<p>3.2. Parei\u0161k\u0117jas verslo plane investuoja \u012f&nbsp;\u012frang\u0105, energij\u0105 gaminan\u010di\u0105 i\u0161 atsinaujinan\u010di\u0173 \u0161altini\u0173 (balai suteikiami ir tuo atveju, kai investicijos atliktos (pateikiama \u0161ios \u012frangos pirkimo-pardavimo sutartis ir apmok\u0117jim\u0105 \u012frodantis dokumentas) arba numatomos atlikti naudojant ir kit\u0173 fond\u0173 ar nuosavas l\u0117\u0161as (pateikiamas patvirtinimo dokumentas). Balai suteikiami tik u\u017e \u0161ias investicijas: saul\u0117s baterijos, saul\u0117s kolektoriai, saul\u0117s moduliai, geoterminio \u0161ildymo, oras-oras, oras-vanduo \u0161ildymo sistemos, kai nurodytos investicijos susijusios su valdos gamybiniais poreikiais (pardavimui skirta energija neremiama). U\u017e kitas investicijas (kai \u012franga, energij\u0105 gaminanti i\u0161 atsinaujinan\u010di\u0173 \u0161altini\u0173, yra tik priedas prie kit\u0173 investicij\u0173) balai nesuteikiami. Investicijos turi b\u016bti atliktos iki verslo plano \u012fgyvendinimo pabaigos.&nbsp;<strong>(5 balai)<\/strong><\/p>\n\n\n\n<p>3.3. Parei\u0161k\u0117jas verslo plane investuoja \u012f&nbsp;gamybini\u0173 proces\u0173 skaitmeninimo inovacijas. Balai suteikiami, investuojant \u012f skaitmenines technologijas, nurodytas Projekt\u0173 inovatyvumo vertinimo metodikos, patvirtintos Lietuvos Respublikos \u017eem\u0117s \u016bkio ministro 2023 m. kovo 24 d. \u012fsakymu Nr. 3D-181 \u201eD\u0117l projekt\u0173 inovatyvumo vertinimo metodikos patvirtinimo\u201c (toliau \u2013 Inovatyvumo metodika), 1 priedo kriterijuje \u201eSkaitmeninimas\u201c. Investicijos turi b\u016bti atliktos iki verslo plano \u012fgyvendinimo pabaigos paramos l\u0117\u0161omis:&nbsp;1. Palydovini\u0173 sistem\u0173 panaudojimas (GPS \u012frangos pagalba: s\u0117jama, tr\u0119\u0161iami laukai bei pur\u0161kiami pas\u0117liai, nuimamas derlius ir kita); 2. Daikt\u0173 internetas (apima investicijas \u012f tinkl\u0105, i\u0161maniuosius prietaisus, jutiklius, valdiklius ir kt.; 3. Nepilotuojami orlaiviai, \u012fskaitant dronus; 4. Blok\u0173 grandin\u0117s technologija; 5. Automatizavimas ir robotika (apima projektus, kuriuose diegiami ir naudojami automatizavimo ir robotikos sprendimai); 6. Debes\u0173 kompiuterija; 7. Valdymo sistemos (apima \u012fmon\u0117s verslo procesus, naudojama apskaitos tvarkymo palengvinimui, efektyviam resurs\u0173 i\u0161naudojimui ir pan.); 8. Dirbtinis intelektas.&nbsp;<strong>(5 balai)<\/strong><\/p>\n\n\n\n<p>3.4. Projektas prisideda prie veiklos rizik\u0173 valdymo. Balai suteikiami,&nbsp;dalyvaujant Strateginio plano kaimo pl\u0117tros rizikos valdymo intervencin\u0117je priemon\u0117je \u201ePas\u0117li\u0173, augal\u0173 ir gyv\u016bn\u0173 draudimas\u201c&nbsp;arba verslo plane investuojama \u012f remiamos veiklos rizikos (nuo nepalanki\u0173 klimato rei\u0161kini\u0173, aplinkos poveikio, lig\u0173) ma\u017einimo priemones (investicijos turi b\u016bti atliktos iki verslo plano \u012fgyvendinimo pabaigos).&nbsp;<strong>(5 balai)<\/strong><\/p>\n\n\n\n<p>4. Kai projekte numatytas savo \u016bkyje pagamintos ir (arba) u\u017eaugintos&nbsp;\u017eem\u0117s \u016bkio produkcijos perdirbimas, \u012fskaitant pirmin\u012f perdirbim\u0105, suteikiama<strong>&nbsp;20 bal\u0173<\/strong>. Balai suteikiami, jei pajamos i\u0161 savo \u016bkyje pagamintos ir (arba) u\u017eaugintos \u017eem\u0117s \u016bkio produkcijos perdirbimo, \u012fskaitant pirmin\u012f perdirbim\u0105, sudaro ne ma\u017eiau kaip 50 proc. vis\u0173 subjekto veiklos pajam\u0173. Balai suteikiami, jei perdirbimas vykdomas savo \u016bkyje (balai nesuteikiami, jei perkamos perdirbimo paslaugos, darbai).<\/p>\n\n\n\n<p>5. Kai&nbsp;kuriamas mi\u0161rusis \u016bkis, suteikiama&nbsp;<strong>10 bal\u0173<\/strong>. Mi\u0161riuoju \u016bkiu laikomas \u016bkis, kurio pajamos, \u012fgyvendinus verslo plan\u0105, gaunamos i\u0161 daugiau nei vieno \u017eem\u0117s \u016bkio sektoriaus ir kurio pajamos n\u0117 i\u0161 vieno \u017eem\u0117s \u016bkio sektoriaus nesudaro daugiau kaip 50 proc. vis\u0173 \u016bkio veiklos pajam\u0173, i\u0161skyrus, jei pajamos gaunamos tik i\u0161 dviej\u0173 \u017eem\u0117s \u016bkio sektori\u0173. Jei pajamos gaunamos i\u0161 dviej\u0173 \u017eem\u0117s \u016bkio sektori\u0173, pajamos i\u0161 kiekvieno sektoriaus turi sudaryti ne ma\u017eiau kaip 30 proc. vis\u0173 \u016bkio veiklos pajam\u0173.<\/p>\n\n\n\n<p>6. Kai kuriamas&nbsp;gyvulininkyst\u0117s \u016bkis vietov\u0117se, kuriose esama gamtini\u0173 ar kit\u0173 specifini\u0173 kli\u016b\u010di\u0173,&nbsp;<strong>suteikiama 10 bal\u0173.<\/strong><\/p>\n\n\n\n<p>7. Kai \u012f parei\u0161k\u0117jo&nbsp;\u017eem\u0117s \u016bkio vald\u0105 n\u0117ra \u012ftraukt\u0173 sklyp\u0173, kurie 2 met\u0173 laikotarpyje iki parai\u0161kos pateikimo buvo artimojo giminai\u010dio ar susijusio asmens \u017eem\u0117s \u016bkio valdoje, suteikiama&nbsp;<strong>20 bal\u0173<\/strong>. Tikrinama pagal parai\u0161kos pateikimo datos duomenis, ar sklypai, kurie \u012ftraukti \u012f parei\u0161k\u0117jo vald\u0105, 2 met\u0173 laikotarpyje iki parai\u0161kos pateikimo dienos nebuvo artimojo giminai\u010dio (taikoma fiziniams asmenims) ar susijusio asmens (taikoma juridiniams asmenims) \u017eem\u0117s \u016bkio valdoje). Fizini\u0173 asmen\u0173 artimaisiais giminai\u010diais laikomi asmenys, apibr\u0117\u017eti Lietuvos Respublikos civilinio kodekso 3.135 straipsnyje (artimaisiais giminai\u010diais pripa\u017e\u012fstami tiesiosios linijos giminai\u010diai iki antrojo laipsnio imtinai (t\u0117vai ir vaikai, seneliai ir vaikai\u010diai) ir \u0161onin\u0117s linijos antrojo laipsnio giminai\u010diai (broliai ir seserys). Juridini\u0173 asmen\u0173 susijusiais asmenimis laikomi&nbsp; \u012fmon\u0117s akcininkai, pajininkai, dalininkai, kurie turi&nbsp; daugiau kaip 50 procent\u0173 \u012fmon\u0117s akcij\u0173, paj\u0173 ar kitoki\u0173 dalyvavim\u0105 \u012fmon\u0117s kapitale \u017eymin\u010di\u0173 kapitalo dali\u0173. Informacija tikrinama registruose. Atitiktis kriterijui turi b\u016bti i\u0161laikyta verslo plano \u012fgyvendinimo ir kontrol\u0117s laikotarpiu.<\/p>\n","protected":false},"excerpt":{"rendered":"<p>Priemon\u0117 \u201eJaun\u0173j\u0173 \u016bkinink\u0173 \u012fsik\u016brimas\u201c Projekto parengimo kaina 1600 Eur:800 Eur mok\u0117jimas, parengus dokumentus800 Eur mok\u0117jimas, patvirtinus ES paramos gavim\u0105 Reikalavimai [&hellip;]<\/p>\n","protected":false},"author":1,"featured_media":0,"parent":0,"menu_order":0,"comment_status":"closed","ping_status":"closed","template":"","meta":{"_uag_custom_page_level_css":"","site-sidebar-layout":"right-sidebar","site-content-layout":"","ast-site-content-layout":"default","site-content-style":"default","site-sidebar-style":"default","ast-global-header-display":"","ast-banner-title-visibility":"","ast-main-header-display":"","ast-hfb-above-header-display":"","ast-hfb-below-header-display":"","ast-hfb-mobile-header-display":"","site-post-title":"disabled","ast-breadcrumbs-content":"","ast-featured-img":"","footer-sml-layout":"","ast-disable-related-posts":"","theme-transparent-header-meta":"enabled","adv-header-id-meta":"","stick-header-meta":"","header-above-stick-meta":"","header-main-stick-meta":"","header-below-stick-meta":"","astra-migrate-meta-layouts":"default","ast-page-background-enabled":"default","ast-page-background-meta":{"desktop":{"background-color":"var(--ast-global-color-4)","background-image":"","background-repeat":"repeat","background-position":"center center","background-size":"auto","background-attachment":"scroll","background-type":"","background-media":"","overlay-type":"","overlay-color":"","overlay-opacity":"","overlay-gradient":""},"tablet":{"background-color":"","background-image":"","background-repeat":"repeat","background-position":"center center","background-size":"auto","background-attachment":"scroll","background-type":"","background-media":"","overlay-type":"","overlay-color":"","overlay-opacity":"","overlay-gradient":""},"mobile":{"background-color":"","background-image":"","background-repeat":"repeat","background-position":"center center","background-size":"auto","background-attachment":"scroll","background-type":"","background-media":"","overlay-type":"","overlay-color":"","overlay-opacity":"","overlay-gradient":""}},"ast-content-background-meta":{"desktop":{"background-color":"var(--ast-global-color-5)","background-image":"","background-repeat":"repeat","background-position":"center center","background-size":"auto","background-attachment":"scroll","background-type":"","background-media":"","overlay-type":"","overlay-color":"","overlay-opacity":"","overlay-gradient":""},"tablet":{"background-color":"var(--ast-global-color-5)","background-image":"","background-repeat":"repeat","background-position":"center center","background-size":"auto","background-attachment":"scroll","background-type":"","background-media":"","overlay-type":"","overlay-color":"","overlay-opacity":"","overlay-gradient":""},"mobile":{"background-color":"var(--ast-global-color-5)","background-image":"","background-repeat":"repeat","background-position":"center center","background-size":"auto","background-attachment":"scroll","background-type":"","background-media":"","overlay-type":"","overlay-color":"","overlay-opacity":"","overlay-gradient":""}},"footnotes":""},"class_list":["post-1613","page","type-page","status-publish","hentry"],"uagb_featured_image_src":{"full":false,"thumbnail":false,"medium":false,"medium_large":false,"large":false,"1536x1536":false,"2048x2048":false},"uagb_author_info":{"display_name":"Regionu pletros projektai","author_link":"https:\/\/rpprojektai.lt\/b\/author\/regionu-pletros-projektai\/"},"uagb_comment_info":0,"uagb_excerpt":"Priemon\u0117 \u201eJaun\u0173j\u0173 \u016bkinink\u0173 \u012fsik\u016brimas\u201c Projekto parengimo kaina 1600 Eur:800 Eur mok\u0117jimas, parengus dokumentus800 Eur mok\u0117jimas, patvirtinus ES paramos gavim\u0105 Reikalavimai [&hellip;]","_links":{"self":[{"href":"https:\/\/rpprojektai.lt\/b\/wp-json\/wp\/v2\/pages\/1613","targetHints":{"allow":["GET"]}}],"collection":[{"href":"https:\/\/rpprojektai.lt\/b\/wp-json\/wp\/v2\/pages"}],"about":[{"href":"https:\/\/rpprojektai.lt\/b\/wp-json\/wp\/v2\/types\/page"}],"author":[{"embeddable":true,"href":"https:\/\/rpprojektai.lt\/b\/wp-json\/wp\/v2\/users\/1"}],"replies":[{"embeddable":true,"href":"https:\/\/rpprojektai.lt\/b\/wp-json\/wp\/v2\/comments?post=1613"}],"version-history":[{"count":10,"href":"https:\/\/rpprojektai.lt\/b\/wp-json\/wp\/v2\/pages\/1613\/revisions"}],"predecessor-version":[{"id":1755,"href":"https:\/\/rpprojektai.lt\/b\/wp-json\/wp\/v2\/pages\/1613\/revisions\/1755"}],"wp:attachment":[{"href":"https:\/\/rpprojektai.lt\/b\/wp-json\/wp\/v2\/media?parent=1613"}],"curies":[{"name":"wp","href":"https:\/\/api.w.org\/{rel}","templated":true}]}}