{"id":1659,"date":"2026-02-20T09:33:48","date_gmt":"2026-02-20T09:33:48","guid":{"rendered":"http:\/\/rpprojektai.lt\/b\/?page_id=1659"},"modified":"2026-02-24T05:37:36","modified_gmt":"2026-02-24T05:37:36","slug":"zemes-ukiui","status":"publish","type":"page","link":"https:\/\/rpprojektai.lt\/b\/zemes-ukiui\/","title":{"rendered":"\u017dem\u0117s \u016bkiui"},"content":{"rendered":"<div data-spectra-id=\"a0b3a546\"\tstyle=\"overflow: visible; --spectra-background-color: var(--ast-global-color-4);\" class=\"spectra-is-root-container alignfull spectra-overlay-color spectra-overflow spectra-background-color wp-block-spectra-container\" data-orientation=\"vertical\"\t>\n\t\n<div data-spectra-id=\"spectra-mhly2vvk-sh5317\" style=\"overflow: visible\" class=\"spectra-overlay-color spectra-overflow wp-block-spectra-container\" data-orientation=\"vertical\">\n\t\n\t<h3 data-spectra-id=\"spectra-cfdb72a0-heading\" class=\"wp-block-spectra-content\">\n\t\t\u017dem\u0117s \u016bkiui\t<\/h3>\n\n<\/div>\n\n<\/div>\n\n\n\n<p class=\"has-ast-global-color-1-color has-text-color has-link-color wp-elements-86593137aaeaede685a45d439b76a966\"><br><strong>01 Jaun\u0173j\u0173 \u016bkinink\u0173 \u012fsik\u016brimas<\/strong><\/p>\n\n\n\n<p>2026 m. jaun\u0173j\u0173 \u016bkinink\u0173 parama, pagrindin\u0117 priemon\u0117 \u201eJaun\u0173j\u0173 \u016bkinink\u0173 \u012fsik\u016brimas\u201c, bus prieinama nuo 2026 m. sausio 2 d. parai\u0161k\u0173 pri\u0117mimo laikotarpiu, kuris numatytas iki gegu\u017e\u0117s 29 d., teikiant&nbsp;iki 100 000 Eur lengvatin\u0119 paskol\u0105, ir bir\u017eelio 1-30 d., skiriant 60 000 Eur vienkartin\u0119 i\u0161mok\u0105 verslo planui \u012fgyvendinti, technikai pirkti, bei apiman\u010di\u0105 gamyb\u0105, perdirbim\u0105, su gyvulininkyste, dar\u017eininkyste, uogininkyste, kita augalininkyste susijusias veiklas, o paramos dydis ir reikalavimai (\u012fskaitant 12 000-70 000 Eur valdos ekonomin\u012f dyd\u012f) i\u0161 esm\u0117s i\u0161liks pana\u0161\u016bs, kaip ir ankstesniais metais.<\/p>\n\n\n\n<p><br>Pagrindiniai paramos elementai:<\/p>\n\n\n\n<p>Svarbiausi reikalavimai:&nbsp;valdos ekonominis dydis (VED) 12 000-70 000 Eur, verslo plano parengimas<\/p>\n\n\n\n<p>Priemon\u0117: \u201eJaun\u0173j\u0173 \u016bkinink\u0173 \u012fsik\u016brimas\u201c<\/p>\n\n\n\n<p>Paramos formos:<br>\u2013 Lengvatin\u0117 paskola: iki 100 000 Eur<br>\u2013 Dotacija: iki 60 000 Eur<\/p>\n\n\n\n<p>Parai\u0161k\u0173 pri\u0117mimas:<br>\u2013 Lengvatin\u0117s paskolos: nuo 2026 m. sausio 2 d. iki gegu\u017e\u0117s 29 d.<br>\u2013 Dotacijos: nuo 2026 m. bir\u017eelio 1 d. iki bir\u017eelio 30 d.<\/p>\n\n\n\n<p>Remiamos veiklos: \u017eem\u0117s \u016bkio produkt\u0173 pirmin\u0117 gamyba, perdirbimas, gyvulininkyst\u0117, sodininkyst\u0117, dar\u017eininkyst\u0117, uogininkyst\u0117, kita augalininkyst\u0117<\/p>\n\n\n\n<p>Am\u017eiaus limitas: \u016bkininkai iki 40 met\u0173, pirm\u0105 kart\u0105 \u012fsikuriantys \u016bkyje<\/p>\n\n\n\n<a href=\"\/b\/jaunuju-ukininku-isikurimas\">Daugiau<\/a>\n\n\n\n<p class=\"has-ast-global-color-1-color has-text-color has-link-color wp-elements-fe402b6ef6fe5e559309326fb55611b8\"> <br><strong>02 Labai smulki\u0173 \u016bki\u0173 pl\u0117tra <\/strong><\/p>\n\n\n\n<p>Paramos suma: 25.000-100.000 Eur<\/p>\n\n\n\n<p>Paramos dalis: 85%<\/p>\n\n\n\n<p><\/p>\n\n\n\n<p><strong>Reikalavimai parei\u0161k\u0117jui ir partneriams<\/strong><\/p>\n\n\n\n<p>Valdos ekonominis dydis VED turi b\u016bti:<\/p>\n\n\n\n<p>1. Jei dalyvauja tik parei\u0161k\u0117jas: 8000-16000 Eur<\/p>\n\n\n\n<p>2. Jei parei\u0161k\u0117jas dalyvauja su partneriu: 4000-16000 Eur (ir parei\u0161k\u0117jui, ir kiekvienam partneriui)<\/p>\n\n\n\n<p>Parei\u0161k\u0117jas ir partneriai nepertraukiamai u\u017esiima \u017eem\u0117s \u016bkio veikla ir pateikimu rinkai ne trumpiau kaip 1 metus iki paramos parai\u0161kos pateikimo.<\/p>\n\n\n\n<a href=\"\/b\/labai-smulkiu-ukiu-pletra\">Daugiau \u2192<\/a>\n\n\n\n<p class=\"has-ast-global-color-1-color has-text-color has-link-color wp-elements-69af700df55b84ff16651c39827cbf27\"><br><strong>03 Smulki\u0173-vidutini\u0173 \u016bki\u0173 pl\u0117tra<\/strong><\/p>\n\n\n\n<p>Kvietimo laikotarpis:&nbsp;nuo 2026-09-01 iki 2026-10-30<\/p>\n\n\n\n<p>Paramos suma: 80.000 Eur supaprastinta tvarka, 200.000 Eur nesupaprastinta tvarka<\/p>\n\n\n\n<p>Paramos dalis: 65% (85% jauniesiems \u016bkininkams)<\/p>\n\n\n\n<p>2025 m. parama buvo skirta visiems 128 pagal priemon\u0119 parai\u0161kas pateikusiems parei\u0161k\u0117jams, surinkusiems privalom\u0105j\u012f atrankos bal\u0173 skai\u010di\u0173 \u2013 35 atrankos balus.<\/p>\n\n\n\n<p><strong>Reikalavimai parei\u0161k\u0117jui<\/strong><\/p>\n\n\n\n<p>Valdos ekonominis dydis VED turi b\u016bti&nbsp;16.001-30.000 Eur<\/p>\n\n\n\n<p>Parei\u0161k\u0117jas ir partneriai nepertraukiamai u\u017esiima \u017eem\u0117s \u016bkio veikla ir pateikimu rinkai ne trumpiau kaip 1 metus iki paramos parai\u0161kos pateikimo.<\/p>\n\n\n\n<a href=\"\/b\/smulkiu-vidutiniu-ukiu-pletra\">Daugiau \u2192<\/a>\n\n\n\n<p class=\"has-ast-global-color-1-color has-text-color has-link-color wp-elements-677038d7db8b4e847b1cbc0b8f308b67\"> <br><strong>04 Investicijos \u012f \u017eem\u0117s \u016bkio valdas<\/strong><\/p>\n\n\n\n<p>Paramos suma: 500.000 Eur<\/p>\n\n\n\n<p>Paramos dalis: 50%&nbsp;gyvulininkyst\u0117s, augalininkyst\u0117s, sodininkyst\u0117s, dar\u017eininkyst\u0117s ir uogininkyst\u0117s sektoriuose&nbsp;(70% jauniesiems \u016bkininkams)<\/p>\n\n\n\n<p><strong>Reikalavimai parei\u0161k\u0117jui<\/strong><\/p>\n\n\n\n<p>Valdos ekonominis dydis VED turi b\u016bti vir\u0161 30.000 Eur<\/p>\n\n\n\n<a href=\"\/b\/investicijos-i-zemes-ukio-valdas\">Daugiau \u2192<\/a>\n\n\n\n<p><\/p>\n","protected":false},"excerpt":{"rendered":"<p>01 Jaun\u0173j\u0173 \u016bkinink\u0173 \u012fsik\u016brimas 2026 m. jaun\u0173j\u0173 \u016bkinink\u0173 parama, pagrindin\u0117 priemon\u0117 \u201eJaun\u0173j\u0173 \u016bkinink\u0173 \u012fsik\u016brimas\u201c, bus prieinama nuo 2026 m. sausio [&hellip;]<\/p>\n","protected":false},"author":1,"featured_media":0,"parent":0,"menu_order":0,"comment_status":"closed","ping_status":"closed","template":"","meta":{"_uag_custom_page_level_css":"","site-sidebar-layout":"right-sidebar","site-content-layout":"","ast-site-content-layout":"default","site-content-style":"default","site-sidebar-style":"default","ast-global-header-display":"","ast-banner-title-visibility":"","ast-main-header-display":"","ast-hfb-above-header-display":"","ast-hfb-below-header-display":"","ast-hfb-mobile-header-display":"","site-post-title":"disabled","ast-breadcrumbs-content":"","ast-featured-img":"","footer-sml-layout":"","ast-disable-related-posts":"","theme-transparent-header-meta":"enabled","adv-header-id-meta":"","stick-header-meta":"","header-above-stick-meta":"","header-main-stick-meta":"","header-below-stick-meta":"","astra-migrate-meta-layouts":"default","ast-page-background-enabled":"default","ast-page-background-meta":{"desktop":{"background-color":"var(--ast-global-color-4)","background-image":"","background-repeat":"repeat","background-position":"center center","background-size":"auto","background-attachment":"scroll","background-type":"","background-media":"","overlay-type":"","overlay-color":"","overlay-opacity":"","overlay-gradient":""},"tablet":{"background-color":"","background-image":"","background-repeat":"repeat","background-position":"center center","background-size":"auto","background-attachment":"scroll","background-type":"","background-media":"","overlay-type":"","overlay-color":"","overlay-opacity":"","overlay-gradient":""},"mobile":{"background-color":"","background-image":"","background-repeat":"repeat","background-position":"center center","background-size":"auto","background-attachment":"scroll","background-type":"","background-media":"","overlay-type":"","overlay-color":"","overlay-opacity":"","overlay-gradient":""}},"ast-content-background-meta":{"desktop":{"background-color":"var(--ast-global-color-5)","background-image":"","background-repeat":"repeat","background-position":"center center","background-size":"auto","background-attachment":"scroll","background-type":"","background-media":"","overlay-type":"","overlay-color":"","overlay-opacity":"","overlay-gradient":""},"tablet":{"background-color":"var(--ast-global-color-5)","background-image":"","background-repeat":"repeat","background-position":"center center","background-size":"auto","background-attachment":"scroll","background-type":"","background-media":"","overlay-type":"","overlay-color":"","overlay-opacity":"","overlay-gradient":""},"mobile":{"background-color":"var(--ast-global-color-5)","background-image":"","background-repeat":"repeat","background-position":"center center","background-size":"auto","background-attachment":"scroll","background-type":"","background-media":"","overlay-type":"","overlay-color":"","overlay-opacity":"","overlay-gradient":""}},"footnotes":""},"class_list":["post-1659","page","type-page","status-publish","hentry"],"uagb_featured_image_src":{"full":false,"thumbnail":false,"medium":false,"medium_large":false,"large":false,"1536x1536":false,"2048x2048":false},"uagb_author_info":{"display_name":"Regionu pletros projektai","author_link":"https:\/\/rpprojektai.lt\/b\/author\/regionu-pletros-projektai\/"},"uagb_comment_info":0,"uagb_excerpt":"01 Jaun\u0173j\u0173 \u016bkinink\u0173 \u012fsik\u016brimas 2026 m. jaun\u0173j\u0173 \u016bkinink\u0173 parama, pagrindin\u0117 priemon\u0117 \u201eJaun\u0173j\u0173 \u016bkinink\u0173 \u012fsik\u016brimas\u201c, bus prieinama nuo 2026 m. sausio [&hellip;]","_links":{"self":[{"href":"https:\/\/rpprojektai.lt\/b\/wp-json\/wp\/v2\/pages\/1659","targetHints":{"allow":["GET"]}}],"collection":[{"href":"https:\/\/rpprojektai.lt\/b\/wp-json\/wp\/v2\/pages"}],"about":[{"href":"https:\/\/rpprojektai.lt\/b\/wp-json\/wp\/v2\/types\/page"}],"author":[{"embeddable":true,"href":"https:\/\/rpprojektai.lt\/b\/wp-json\/wp\/v2\/users\/1"}],"replies":[{"embeddable":true,"href":"https:\/\/rpprojektai.lt\/b\/wp-json\/wp\/v2\/comments?post=1659"}],"version-history":[{"count":17,"href":"https:\/\/rpprojektai.lt\/b\/wp-json\/wp\/v2\/pages\/1659\/revisions"}],"predecessor-version":[{"id":1735,"href":"https:\/\/rpprojektai.lt\/b\/wp-json\/wp\/v2\/pages\/1659\/revisions\/1735"}],"wp:attachment":[{"href":"https:\/\/rpprojektai.lt\/b\/wp-json\/wp\/v2\/media?parent=1659"}],"curies":[{"name":"wp","href":"https:\/\/api.w.org\/{rel}","templated":true}]}}