{"id":22,"date":"2026-02-19T18:57:11","date_gmt":"2026-02-19T18:57:11","guid":{"rendered":"http:\/\/rpprojektai.lt\/b\/home\/"},"modified":"2026-03-19T05:56:18","modified_gmt":"2026-03-19T05:56:18","slug":"home","status":"publish","type":"page","link":"https:\/\/rpprojektai.lt\/b\/","title":{"rendered":"Pradinis"},"content":{"rendered":"<div data-spectra-id=\"1f6df054\"\tstyle=\"overflow: visible; --spectra-background-color: #FFFFFF75; --spectra-overlay-opacity: 1;\" class=\"spectra-is-root-container alignfull spectra-overlay-color spectra-overflow spectra-background-color spectra-dim-ratio wp-block-spectra-container\" data-orientation=\"vertical\"\t>\n\t\n<div data-spectra-id=\"spectra-mhixdzvt-nexhx8\" style=\"overflow: visible\" class=\"spectra-overlay-color spectra-overflow wp-block-spectra-container\" data-orientation=\"vertical\">\n\t\n\t<div data-spectra-id=\"spectra-e383ea15-content\" style=\"--spectra-text-color: var(--ast-global-color-0)\" class=\"has-text-color spectra-text-color wp-block-spectra-content has-text-color has-var-ast-global-color-0-color\">\n\t\tPARAI\u0160KOS, VERSLO PLANAI ES PARAMAI GAUTI\t<\/div>\n\n\n\t<h3 data-spectra-id=\"spectra-8fd6d2ab-title\" class=\"wp-block-spectra-content\">\n\t\tProjekt\u0173 rengimas | Projekt\u0173 valdymas\t<\/h3>\n\n\n\t<p data-spectra-id=\"spectra-8fd6d2ab-desc\" class=\"wp-block-spectra-content\">\n\t\t21 met\u0173 patirtis\t<\/p>\n\n<\/div>\n\n<\/div>\n\n\n\n<p><\/p>\n\n\n\n<figure data-spectra-id=\"spectra-mlurxnoj-gfcekv\" class=\"wp-block-image aligncenter size-large is-resized\"><img loading=\"lazy\" decoding=\"async\" width=\"1024\" height=\"574\" src=\"http:\/\/rpprojektai.lt\/b\/wp-content\/uploads\/2026\/02\/image2-1024x574.jpg\" alt=\"image2\" class=\"wp-image-1702\" title=\"Pradinis\" srcset=\"https:\/\/rpprojektai.lt\/b\/wp-content\/uploads\/2026\/02\/image2-1024x574.jpg 1024w, https:\/\/rpprojektai.lt\/b\/wp-content\/uploads\/2026\/02\/image2-300x168.jpg 300w, https:\/\/rpprojektai.lt\/b\/wp-content\/uploads\/2026\/02\/image2-768x430.jpg 768w, https:\/\/rpprojektai.lt\/b\/wp-content\/uploads\/2026\/02\/image2-1536x861.jpg 1536w, https:\/\/rpprojektai.lt\/b\/wp-content\/uploads\/2026\/02\/image2-2048x1148.jpg 2048w\" sizes=\"auto, (max-width: 1024px) 100vw, 1024px\" \/><\/figure>\n\n\n<div data-spectra-id=\"6e8a8037\"\tstyle=\"overflow: visible; --spectra-background-color: #FFFFFF75; --spectra-overlay-opacity: 1;\" class=\"spectra-is-root-container alignfull spectra-overlay-color spectra-overflow spectra-background-color spectra-dim-ratio wp-block-spectra-container\" data-orientation=\"vertical\"\t>\n\t\n<div data-spectra-id=\"957f1701\" style=\"overflow: visible;--spectra-background-color: #FFFFFF75;--spectra-overlay-opacity: 1\" class=\"spectra-overlay-color spectra-overflow spectra-background-color spectra-dim-ratio wp-block-spectra-container\" data-orientation=\"vertical\">\n\t\n<div data-spectra-id=\"spectra-00e68bfd-root\" style=\"overflow: visible\" class=\"spectra-overlay-color spectra-overflow wp-block-spectra-container\" data-orientation=\"vertical\">\n\t\n\t<h3 data-spectra-id=\"spectra-00e68bfd-heading\" class=\"wp-block-spectra-content\">\n\t\tProjekt\u0173 rengimas | Projekt\u0173 valdymas\t<\/h3>\n\n<\/div>\n\n<\/div>\n\n\n<div data-spectra-id=\"bc2f603e\" style=\"overflow: visible;--spectra-background-color: #FFFFFF75;--spectra-overlay-opacity: 1\" class=\"spectra-overlay-color spectra-overflow spectra-background-color spectra-dim-ratio wp-block-spectra-container\" data-orientation=\"vertical\">\n\t\n<div data-spectra-id=\"8b7609e1\" style=\"overflow: visible;--spectra-background-color: #FFFFFF75;--spectra-overlay-opacity: 1\" class=\"spectra-overlay-color spectra-overflow spectra-background-color spectra-dim-ratio wp-block-spectra-container\" data-orientation=\"vertical\">\n\t\n\t<h4 data-spectra-id=\"spectra-94be2617-title\" style=\"--spectra-text-color: ast-global-color-1\" class=\"has-text-color has-link-color spectra-text-color  wp-elements-8ba0898771c2d80b660e6da69e99dc65 wp-block-spectra-content has-text-color has-ast-global-color-1-color\">\n\t\t01 Verslui\t<\/h4>\n\n\n\t<p data-spectra-id=\"spectra-94be2617-desc\" class=\"wp-block-spectra-content\">\n\t\t<br>&#8211; Rengiame parai\u0161kas, verslo planus, investicij\u0173 projektus, galimybi\u0173 studijas verslui<br>&#8211; Administruojame projektus\t<\/p>\n\n\n\n<p><br><\/p>\n\n\n\n<a href=\"\/b\/verslui\">Daugiau \u2192<\/a>\n\n\n\n<p><\/p>\n\n<\/div>\n\n\n<div data-spectra-id=\"809b5856\" style=\"overflow: visible;--spectra-background-color: #FFFFFF75;--spectra-overlay-opacity: 1\" class=\"spectra-overlay-color spectra-overflow spectra-background-color spectra-dim-ratio wp-block-spectra-container\" data-orientation=\"vertical\">\n\t\n\t<h4 data-spectra-id=\"spectra-7e9b171c-title\" style=\"--spectra-text-color: ast-global-color-1\" class=\"has-text-color has-link-color spectra-text-color  wp-elements-3fa2d40d01ced5f02a81ca1a914948a3 wp-block-spectra-content has-text-color has-ast-global-color-1-color\">\n\t\t02 \u017dem\u0117s \u016bkiui\t<\/h4>\n\n\n\t<p data-spectra-id=\"spectra-7e9b171c-desc\" class=\"wp-block-spectra-content\">\n\t\t<br>&#8211; Rengiame parai\u0161kas, verslo planus \u016bkininkams<br>&#8211; Administruojame ir \u012fgyvendiname projektus\t<\/p>\n\n\n\n<a href=\"\/b\/zemes-ukiui\">Daugiau \u2192<\/a>\n\n<\/div>\n\n\n<div data-spectra-id=\"33501ee3\" style=\"overflow: visible;--spectra-background-color: #FFFFFF75;--spectra-overlay-opacity: 1\" class=\"spectra-overlay-color spectra-overflow spectra-background-color spectra-dim-ratio wp-block-spectra-container\" data-orientation=\"vertical\">\n\t\n\t<h4 data-spectra-id=\"spectra-fb17e3f8-title\" style=\"--spectra-text-color: ast-global-color-1\" class=\"has-text-color has-link-color spectra-text-color  wp-elements-f1fd98aa7e1aaa28745ff42b777a2716 wp-block-spectra-content has-text-color has-ast-global-color-1-color\">\n\t\t03 Vie\u0161ajam sektoriui\t<\/h4>\n\n\n\t<p data-spectra-id=\"spectra-fb17e3f8-desc\" class=\"wp-block-spectra-content\">\n\t\t<br>&#8211; Rengiame parai\u0161kas, verslo planus, investicij\u0173 projektus vie\u0161ajam sektoriui\t<\/p>\n\n<\/div>\n\n<\/div>\n\n<\/div>\n\n\n<div data-spectra-id=\"1c438e22\"\tstyle=\"overflow: visible; --spectra-background-color: var(--ast-global-color-4);\" class=\"spectra-is-root-container alignfull spectra-overlay-color spectra-overflow spectra-background-color wp-block-spectra-container\" data-orientation=\"vertical\"\t>\n\t\n\t<h4 data-spectra-id=\"spectra-mlus7dmn-pqmucc\" class=\"wp-block-spectra-content\">\n\t\tPopuliariausios priemon\u0117s<br>\t<\/h4>\n\n\n<div data-spectra-id=\"6392e4a7\" style=\"overflow: visible\" class=\"spectra-overlay-color spectra-overflow wp-block-spectra-container\" data-orientation=\"vertical\">\n\t\n<div data-spectra-id=\"810a0bcd\" style=\"overflow: visible\" class=\"alignfull spectra-overlay-color spectra-overflow wp-block-spectra-container\" data-orientation=\"vertical\">\n\t\n\n<figure data-spectra-id=\"8a5a8479\" class=\"wp-block-image alignleft size-full is-resized has-custom-border\"><img loading=\"lazy\" decoding=\"async\" width=\"853\" height=\"1054\" src=\"http:\/\/rpprojektai.lt\/b\/wp-content\/uploads\/2026\/02\/image3-1.jpg\" alt=\"image3\" class=\"wp-image-1709\" title=\"about-us\" srcset=\"https:\/\/rpprojektai.lt\/b\/wp-content\/uploads\/2026\/02\/image3-1.jpg 853w, https:\/\/rpprojektai.lt\/b\/wp-content\/uploads\/2026\/02\/image3-1-243x300.jpg 243w, https:\/\/rpprojektai.lt\/b\/wp-content\/uploads\/2026\/02\/image3-1-829x1024.jpg 829w, https:\/\/rpprojektai.lt\/b\/wp-content\/uploads\/2026\/02\/image3-1-768x949.jpg 768w\" sizes=\"auto, (max-width: 853px) 100vw, 853px\" \/><\/figure>\n\n<\/div>\n\n\n<div data-spectra-id=\"b309aab4\" style=\"overflow: visible\" class=\"spectra-overlay-color spectra-overflow wp-block-spectra-container\" data-orientation=\"vertical\">\n\t\n\t<h3 data-spectra-id=\"spectra-d03bbab7-heading\" class=\"wp-block-spectra-content\">\n\t\tJaun\u0173j \u016bkinink\u0173 \u012fsik\u016brimas\t<\/h3>\n\n\n\n<ul class=\"wp-block-list\">\n<li><strong>Parai\u0161kos priimamos nuo 2026 m. bir\u017eelio 1 d. iki bir\u017eelio 30 d.<\/strong><\/li>\n\n\n\n<li>Paramos suma 60.000 Eur<\/li>\n\n\n\n<li>Finansuojama: statybos darbai, infrastrukt\u016bros \u012frengimas, technikos, \u012frangos, daugiame\u010di\u0173 augal\u0173, gyv\u016bn\u0173 \u012fsigijimas ir kt.<\/li>\n<\/ul>\n\n\n<div data-spectra-id=\"spectra-28e22144-431e-4106-8a45-b6a5c2e7e5db\" class=\"wp-block-button spectra-buttons wp-block-spectra-buttons\">\n\t\n<a data-spectra-id=\"spectra-506a6ee6-bf00-41f2-b8bd-d3322e75b827\" href=\"\/b\/jaunuju-ukininku-isikurimas\" target=\"_self\" aria-label=\"Daugiau\" style=\"--spectra-text-color: ast-global-color-0;--spectra-text-color-hover: var(--ast-global-color-1);background-color:#ffffff00\" class=\"wp-block-button__link wp-element-button spectra-text-color spectra-text-color-hover wp-block-spectra-button has-text-color has-ast-global-color-0-color has-background\">\n<div class=\"spectra-button__link\">Daugiau<\/div>\t\t\t<svg class=\"spectra-button__icon spectra-button__icon-position-after spectra-icon-color-hover spectra-icon\" xmlns=\"https:\/\/www.w3.org\/2000\/svg\" viewBox=\"0 0 448 512\" focusable=\"false\"><path d=\"M438.6 278.6l-160 160C272.4 444.9 264.2 448 256 448s-16.38-3.125-22.62-9.375c-12.5-12.5-12.5-32.75 0-45.25L338.8 288H32C14.33 288 .0016 273.7 .0016 256S14.33 224 32 224h306.8l-105.4-105.4c-12.5-12.5-12.5-32.75 0-45.25s32.75-12.5 45.25 0l160 160C451.1 245.9 451.1 266.1 438.6 278.6z\"><\/path><\/svg>\n\t\t\t<\/a>\n\n<\/div>\n\n<\/div>\n\n<\/div>\n\n<\/div>\n","protected":false},"excerpt":{"rendered":"","protected":false},"author":1,"featured_media":0,"parent":0,"menu_order":0,"comment_status":"closed","ping_status":"closed","template":"","meta":{"_uag_custom_page_level_css":"","site-sidebar-layout":"default","site-content-layout":"","ast-site-content-layout":"default","site-content-style":"default","site-sidebar-style":"default","ast-global-header-display":"","ast-banner-title-visibility":"","ast-main-header-display":"","ast-hfb-above-header-display":"","ast-hfb-below-header-display":"","ast-hfb-mobile-header-display":"","site-post-title":"disabled","ast-breadcrumbs-content":"","ast-featured-img":"","footer-sml-layout":"","ast-disable-related-posts":"","theme-transparent-header-meta":"enabled","adv-header-id-meta":"","stick-header-meta":"","header-above-stick-meta":"","header-main-stick-meta":"","header-below-stick-meta":"","astra-migrate-meta-layouts":"default","ast-page-background-enabled":"default","ast-page-background-meta":{"desktop":{"background-color":"var(--ast-global-color-4)","background-image":"","background-repeat":"repeat","background-position":"center center","background-size":"auto","background-attachment":"scroll","background-type":"","background-media":"","overlay-type":"","overlay-color":"","overlay-opacity":"","overlay-gradient":""},"tablet":{"background-color":"","background-image":"","background-repeat":"repeat","background-position":"center center","background-size":"auto","background-attachment":"scroll","background-type":"","background-media":"","overlay-type":"","overlay-color":"","overlay-opacity":"","overlay-gradient":""},"mobile":{"background-color":"","background-image":"","background-repeat":"repeat","background-position":"center center","background-size":"auto","background-attachment":"scroll","background-type":"","background-media":"","overlay-type":"","overlay-color":"","overlay-opacity":"","overlay-gradient":""}},"ast-content-background-meta":{"desktop":{"background-color":"var(--ast-global-color-5)","background-image":"","background-repeat":"repeat","background-position":"center center","background-size":"auto","background-attachment":"scroll","background-type":"","background-media":"","overlay-type":"","overlay-color":"","overlay-opacity":"","overlay-gradient":""},"tablet":{"background-color":"var(--ast-global-color-5)","background-image":"","background-repeat":"repeat","background-position":"center center","background-size":"auto","background-attachment":"scroll","background-type":"","background-media":"","overlay-type":"","overlay-color":"","overlay-opacity":"","overlay-gradient":""},"mobile":{"background-color":"var(--ast-global-color-5)","background-image":"","background-repeat":"repeat","background-position":"center center","background-size":"auto","background-attachment":"scroll","background-type":"","background-media":"","overlay-type":"","overlay-color":"","overlay-opacity":"","overlay-gradient":""}},"footnotes":""},"class_list":["post-22","page","type-page","status-publish","hentry"],"uagb_featured_image_src":{"full":false,"thumbnail":false,"medium":false,"medium_large":false,"large":false,"1536x1536":false,"2048x2048":false},"uagb_author_info":{"display_name":"Regionu pletros projektai","author_link":"https:\/\/rpprojektai.lt\/b\/author\/regionu-pletros-projektai\/"},"uagb_comment_info":0,"uagb_excerpt":null,"_links":{"self":[{"href":"https:\/\/rpprojektai.lt\/b\/wp-json\/wp\/v2\/pages\/22","targetHints":{"allow":["GET"]}}],"collection":[{"href":"https:\/\/rpprojektai.lt\/b\/wp-json\/wp\/v2\/pages"}],"about":[{"href":"https:\/\/rpprojektai.lt\/b\/wp-json\/wp\/v2\/types\/page"}],"author":[{"embeddable":true,"href":"https:\/\/rpprojektai.lt\/b\/wp-json\/wp\/v2\/users\/1"}],"replies":[{"embeddable":true,"href":"https:\/\/rpprojektai.lt\/b\/wp-json\/wp\/v2\/comments?post=22"}],"version-history":[{"count":19,"href":"https:\/\/rpprojektai.lt\/b\/wp-json\/wp\/v2\/pages\/22\/revisions"}],"predecessor-version":[{"id":1749,"href":"https:\/\/rpprojektai.lt\/b\/wp-json\/wp\/v2\/pages\/22\/revisions\/1749"}],"wp:attachment":[{"href":"https:\/\/rpprojektai.lt\/b\/wp-json\/wp\/v2\/media?parent=22"}],"curies":[{"name":"wp","href":"https:\/\/api.w.org\/{rel}","templated":true}]}}