{"id":86,"date":"2026-02-19T18:57:12","date_gmt":"2026-02-19T18:57:12","guid":{"rendered":"http:\/\/rpprojektai.lt\/b\/about\/"},"modified":"2026-02-20T11:15:04","modified_gmt":"2026-02-20T11:15:04","slug":"paslaugos","status":"publish","type":"page","link":"https:\/\/rpprojektai.lt\/b\/paslaugos\/","title":{"rendered":"Paslaugos"},"content":{"rendered":"<div data-spectra-id=\"a0b3a546\"\tstyle=\"overflow: visible; --spectra-background-color: var(--ast-global-color-4);\" class=\"spectra-is-root-container alignfull spectra-overlay-color spectra-overflow spectra-background-color wp-block-spectra-container\" data-orientation=\"vertical\"\t>\n\t\n<div data-spectra-id=\"spectra-mhly2vvk-sh5317\" style=\"overflow: visible\" class=\"spectra-overlay-color spectra-overflow wp-block-spectra-container\" data-orientation=\"vertical\">\n\t\n\t<h3 data-spectra-id=\"spectra-cfdb72a0-heading\" class=\"wp-block-spectra-content\">\n\t\tPaslaugos\t<\/h3>\n\n<\/div>\n\n<\/div>\n\n\n<div data-spectra-id=\"4d2acc6f\"\tstyle=\"overflow: visible; --spectra-background-color: #FFFFFF75; --spectra-overlay-opacity: 1;\" class=\"spectra-is-root-container alignfull spectra-overlay-color spectra-overflow spectra-background-color spectra-dim-ratio wp-block-spectra-container\" data-orientation=\"vertical\"\t>\n\t\n<div data-spectra-id=\"spectra-mhly4aqw-jhu51p\" style=\"overflow: visible\" class=\"spectra-overlay-color spectra-overflow wp-block-spectra-container\" data-orientation=\"vertical\">\n\t\n<div data-spectra-id=\"30e6f057\" style=\"overflow: visible;--spectra-background-color: #FFFFFF75;--spectra-overlay-opacity: 1\" class=\"spectra-overlay-color spectra-overflow spectra-background-color spectra-dim-ratio wp-block-spectra-container\" data-orientation=\"horizontal\">\n\t\n<div data-spectra-id=\"9ca23b63\" style=\"overflow: visible;--spectra-background-color: #FFFFFF75;--spectra-overlay-opacity: 1\" class=\"spectra-overlay-color spectra-overflow spectra-background-color spectra-dim-ratio wp-block-spectra-container\" data-orientation=\"vertical\">\n\t\n\t<div data-spectra-id=\"spectra-e3ca0117-content\" style=\"color:var(--ast-global-color-0)\" class=\"wp-block-spectra-content has-text-color\">\n\t\t01 Verslui\t<\/div>\n\n\n\n\n\t<p data-spectra-id=\"spectra-advheaddesc-59a5961e\" class=\"wp-block-spectra-content\">\n\t\t&#8211; Rengiame projektus 2021-2027 m. ES fond\u0173 investicij\u0173 programai<br>&#8211; Rengiame parai\u0161kas, verslo planus, investicij\u0173 projektus, galimybi\u0173 studijas<br>&#8211; Administruojame ir \u012fgyvendiname projektus\t<\/p>\n\n<\/div>\n\n\n<div data-spectra-id=\"c5fd858d\" style=\"overflow: visible;--spectra-background-color: #FFFFFF75;--spectra-overlay-opacity: 1\" class=\"spectra-overlay-color spectra-overflow spectra-background-color spectra-dim-ratio wp-block-spectra-container\" data-orientation=\"vertical\">\n\t\n\t<div data-spectra-id=\"spectra-38ce404b-content\" style=\"color:var(--ast-global-color-0)\" class=\"wp-block-spectra-content has-text-color\">\n\t\t02 \u017dem\u0117s \u016bkiui\t<\/div>\n\n\n\n\n\t<p data-spectra-id=\"spectra-3c0faed6-desc\" class=\"wp-block-spectra-content\">\n\t\t&#8211; Rengiame projektus Lietuvos kaimo pl\u0117tros 2023-2027 m. programai<br>&#8211; Rengiame parai\u0161kas, verslo planus<br>&#8211; Administruojame ir \u012fgyvendiname projektus\t<\/p>\n\n<\/div>\n\n\n<div data-spectra-id=\"46391454\" style=\"overflow: visible;--spectra-background-color: #FFFFFF75;--spectra-overlay-opacity: 1\" class=\"spectra-overlay-color spectra-overflow spectra-background-color spectra-dim-ratio wp-block-spectra-container\" data-orientation=\"vertical\">\n\t\n\t<div data-spectra-id=\"spectra-f510f0da-content\" style=\"color:var(--ast-global-color-0)\" class=\"wp-block-spectra-content has-text-color\">\n\t\t03 Vie\u0161ajam sektoriui\t<\/div>\n\n\n\n\n\t<p data-spectra-id=\"spectra-bbc8497f-desc\" class=\"wp-block-spectra-content\">\n\t\t&#8211; Rengiame projektus vie\u0161ajam sektoriui 2021-2027 m. ES fond\u0173 investicij\u0173 programai<br>&#8211; Rengiame parai\u0161kas, verslo planus, investicij\u0173 projektus\t<\/p>\n\n<\/div>\n\n<\/div>\n\n<\/div>\n\n<\/div>\n","protected":false},"excerpt":{"rendered":"","protected":false},"author":1,"featured_media":0,"parent":0,"menu_order":0,"comment_status":"closed","ping_status":"closed","template":"","meta":{"_uag_custom_page_level_css":"","site-sidebar-layout":"default","site-content-layout":"","ast-site-content-layout":"default","site-content-style":"default","site-sidebar-style":"default","ast-global-header-display":"","ast-banner-title-visibility":"","ast-main-header-display":"","ast-hfb-above-header-display":"","ast-hfb-below-header-display":"","ast-hfb-mobile-header-display":"","site-post-title":"disabled","ast-breadcrumbs-content":"","ast-featured-img":"","footer-sml-layout":"","ast-disable-related-posts":"","theme-transparent-header-meta":"enabled","adv-header-id-meta":"","stick-header-meta":"","header-above-stick-meta":"","header-main-stick-meta":"","header-below-stick-meta":"","astra-migrate-meta-layouts":"default","ast-page-background-enabled":"default","ast-page-background-meta":{"desktop":{"background-color":"var(--ast-global-color-4)","background-image":"","background-repeat":"repeat","background-position":"center center","background-size":"auto","background-attachment":"scroll","background-type":"","background-media":"","overlay-type":"","overlay-color":"","overlay-opacity":"","overlay-gradient":""},"tablet":{"background-color":"","background-image":"","background-repeat":"repeat","background-position":"center center","background-size":"auto","background-attachment":"scroll","background-type":"","background-media":"","overlay-type":"","overlay-color":"","overlay-opacity":"","overlay-gradient":""},"mobile":{"background-color":"","background-image":"","background-repeat":"repeat","background-position":"center center","background-size":"auto","background-attachment":"scroll","background-type":"","background-media":"","overlay-type":"","overlay-color":"","overlay-opacity":"","overlay-gradient":""}},"ast-content-background-meta":{"desktop":{"background-color":"var(--ast-global-color-5)","background-image":"","background-repeat":"repeat","background-position":"center center","background-size":"auto","background-attachment":"scroll","background-type":"","background-media":"","overlay-type":"","overlay-color":"","overlay-opacity":"","overlay-gradient":""},"tablet":{"background-color":"var(--ast-global-color-5)","background-image":"","background-repeat":"repeat","background-position":"center center","background-size":"auto","background-attachment":"scroll","background-type":"","background-media":"","overlay-type":"","overlay-color":"","overlay-opacity":"","overlay-gradient":""},"mobile":{"background-color":"var(--ast-global-color-5)","background-image":"","background-repeat":"repeat","background-position":"center center","background-size":"auto","background-attachment":"scroll","background-type":"","background-media":"","overlay-type":"","overlay-color":"","overlay-opacity":"","overlay-gradient":""}},"footnotes":""},"class_list":["post-86","page","type-page","status-publish","hentry"],"uagb_featured_image_src":{"full":false,"thumbnail":false,"medium":false,"medium_large":false,"large":false,"1536x1536":false,"2048x2048":false},"uagb_author_info":{"display_name":"Regionu pletros projektai","author_link":"https:\/\/rpprojektai.lt\/b\/author\/regionu-pletros-projektai\/"},"uagb_comment_info":0,"uagb_excerpt":null,"_links":{"self":[{"href":"https:\/\/rpprojektai.lt\/b\/wp-json\/wp\/v2\/pages\/86","targetHints":{"allow":["GET"]}}],"collection":[{"href":"https:\/\/rpprojektai.lt\/b\/wp-json\/wp\/v2\/pages"}],"about":[{"href":"https:\/\/rpprojektai.lt\/b\/wp-json\/wp\/v2\/types\/page"}],"author":[{"embeddable":true,"href":"https:\/\/rpprojektai.lt\/b\/wp-json\/wp\/v2\/users\/1"}],"replies":[{"embeddable":true,"href":"https:\/\/rpprojektai.lt\/b\/wp-json\/wp\/v2\/comments?post=86"}],"version-history":[{"count":6,"href":"https:\/\/rpprojektai.lt\/b\/wp-json\/wp\/v2\/pages\/86\/revisions"}],"predecessor-version":[{"id":1707,"href":"https:\/\/rpprojektai.lt\/b\/wp-json\/wp\/v2\/pages\/86\/revisions\/1707"}],"wp:attachment":[{"href":"https:\/\/rpprojektai.lt\/b\/wp-json\/wp\/v2\/media?parent=86"}],"curies":[{"name":"wp","href":"https:\/\/api.w.org\/{rel}","templated":true}]}}