{"id":87,"date":"2026-02-19T18:57:12","date_gmt":"2026-02-19T18:57:12","guid":{"rendered":"http:\/\/rpprojektai.lt\/b\/offerings\/"},"modified":"2026-02-23T06:53:34","modified_gmt":"2026-02-23T06:53:34","slug":"verslui","status":"publish","type":"page","link":"https:\/\/rpprojektai.lt\/b\/verslui\/","title":{"rendered":"Verslui"},"content":{"rendered":"<div data-spectra-id=\"a0b3a546\"\tstyle=\"overflow: visible; --spectra-background-color: var(--ast-global-color-4);\" class=\"spectra-is-root-container alignfull spectra-overlay-color spectra-overflow spectra-background-color wp-block-spectra-container\" data-orientation=\"vertical\"\t>\n\t\n<div data-spectra-id=\"spectra-mhly2vvk-sh5317\" style=\"overflow: visible\" class=\"spectra-overlay-color spectra-overflow wp-block-spectra-container\" data-orientation=\"vertical\">\n\t\n\t<h3 data-spectra-id=\"spectra-cfdb72a0-heading\" class=\"wp-block-spectra-content\">\n\t\tVerslui\t<\/h3>\n\n<\/div>\n\n<\/div>\n\n\n\n<p class=\"has-ast-global-color-1-color has-text-color has-link-color wp-elements-586d8d90ea0eed7079a1d942c6484adb\"><br><strong>01 VVG parama verslo prad\u017eiai<\/strong><\/p>\n\n\n\n<p>VVG (Vietos veiklos grupi\u0173) parama verslo prad\u017eiai Lietuvoje skiriama per LEADER program\u0105, da\u017eniausiai per VVG kvietimus, skirtus smulkiam verslui, socialin\u0117ms iniciatyvoms, kaimo turizmui ir \u017eem\u0117s \u016bkio veiklai kaimo vietov\u0117se, suteikiant subsidijas po parengto verslo plano.<\/p>\n\n\n\n<p>Svarbiausia \u2013 sekti savo VVG skelbiamus kvietimus ir teikti parai\u0161kas, nes finansavimas priklauso nuo projekto pob\u016bd\u017eio ir vietos strategijos.<\/p>\n\n\n\n<p>Kaip veikia VVG parama:<br>1. VVG nustatymas: gyvenamosios vietov\u0117s (kaimo) VVG atsakinga u\u017e LEADER priemon\u0117s \u012fgyvendinim\u0105.<br>2. Kvietimai: VVG skelbia kvietimus teikti parai\u0161kas pagal savo strategij\u0105 ir nustatytus prioritetus (pvz., verslo k\u016brimas, pl\u0117tra, socialin\u0117s paslaugos).<br>3. Parai\u0161kos teikimas: atsiradus konkre\u010dios VVG kvietimui, reikia pateikti parai\u0161k\u0105 su verslo planu.<\/p>\n\n\n\n<a href=\"\/b\/vvg-parama-verslo-pradziai\">Daugiau \u2192<\/a>\n\n\n\n<p class=\"has-ast-global-color-1-color has-text-color has-link-color wp-elements-51c53ba2c2c96b9331c6edd027d784a1\"><br><strong>02 Dirbtinio intelekto sprendim\u0173 vystymas<\/strong><\/p>\n\n\n\n<p>Finansuojama iki 80% tinkam\u0173 i\u0161laid\u0173<\/p>\n\n\n\n<p>Did\u017eiausia galima projektui skirti finansavimo l\u0117\u0161\u0173 suma yra 138.000 Eur<\/p>\n\n\n\n<a href=\"\/b\/dirbtinio-intelekto-sprendimu-vystymas\">Daugiau \u2192<\/a>\n\n\n\n<p class=\"has-ast-global-color-1-color has-text-color has-link-color wp-elements-8bfed64240f6d165ab115439a45d2592\"><br><strong>03 Pasirenk eksportui<\/strong><\/p>\n\n\n\n<p>Finansavimo dydis projektui: 100.000 Eur Vidurio ir vakar\u0173 Lietuvos regionas, 150.000 Eur Sostin\u0117s regionas Finansavimo dalis: iki 50 proc. vis\u0173 tinkam\u0173 finansuoti i\u0161laid\u0173<\/p>\n\n\n\n<a href=\"\/b\/pasirenk-eksportui\">Daugiau \u2192<\/a>\n\n\n\n<p><\/p>\n","protected":false},"excerpt":{"rendered":"<p>01 VVG parama verslo prad\u017eiai VVG (Vietos veiklos grupi\u0173) parama verslo prad\u017eiai Lietuvoje skiriama per LEADER program\u0105, da\u017eniausiai per VVG [&hellip;]<\/p>\n","protected":false},"author":1,"featured_media":0,"parent":0,"menu_order":0,"comment_status":"closed","ping_status":"closed","template":"","meta":{"_uag_custom_page_level_css":"","site-sidebar-layout":"right-sidebar","site-content-layout":"","ast-site-content-layout":"default","site-content-style":"default","site-sidebar-style":"default","ast-global-header-display":"","ast-banner-title-visibility":"","ast-main-header-display":"","ast-hfb-above-header-display":"","ast-hfb-below-header-display":"","ast-hfb-mobile-header-display":"","site-post-title":"disabled","ast-breadcrumbs-content":"","ast-featured-img":"","footer-sml-layout":"","ast-disable-related-posts":"","theme-transparent-header-meta":"enabled","adv-header-id-meta":"","stick-header-meta":"","header-above-stick-meta":"","header-main-stick-meta":"","header-below-stick-meta":"","astra-migrate-meta-layouts":"default","ast-page-background-enabled":"default","ast-page-background-meta":{"desktop":{"background-color":"var(--ast-global-color-4)","background-image":"","background-repeat":"repeat","background-position":"center center","background-size":"auto","background-attachment":"scroll","background-type":"","background-media":"","overlay-type":"","overlay-color":"","overlay-opacity":"","overlay-gradient":""},"tablet":{"background-color":"","background-image":"","background-repeat":"repeat","background-position":"center center","background-size":"auto","background-attachment":"scroll","background-type":"","background-media":"","overlay-type":"","overlay-color":"","overlay-opacity":"","overlay-gradient":""},"mobile":{"background-color":"","background-image":"","background-repeat":"repeat","background-position":"center center","background-size":"auto","background-attachment":"scroll","background-type":"","background-media":"","overlay-type":"","overlay-color":"","overlay-opacity":"","overlay-gradient":""}},"ast-content-background-meta":{"desktop":{"background-color":"var(--ast-global-color-5)","background-image":"","background-repeat":"repeat","background-position":"center center","background-size":"auto","background-attachment":"scroll","background-type":"","background-media":"","overlay-type":"","overlay-color":"","overlay-opacity":"","overlay-gradient":""},"tablet":{"background-color":"var(--ast-global-color-5)","background-image":"","background-repeat":"repeat","background-position":"center center","background-size":"auto","background-attachment":"scroll","background-type":"","background-media":"","overlay-type":"","overlay-color":"","overlay-opacity":"","overlay-gradient":""},"mobile":{"background-color":"var(--ast-global-color-5)","background-image":"","background-repeat":"repeat","background-position":"center center","background-size":"auto","background-attachment":"scroll","background-type":"","background-media":"","overlay-type":"","overlay-color":"","overlay-opacity":"","overlay-gradient":""}},"footnotes":""},"class_list":["post-87","page","type-page","status-publish","hentry"],"uagb_featured_image_src":{"full":false,"thumbnail":false,"medium":false,"medium_large":false,"large":false,"1536x1536":false,"2048x2048":false},"uagb_author_info":{"display_name":"Regionu pletros projektai","author_link":"https:\/\/rpprojektai.lt\/b\/author\/regionu-pletros-projektai\/"},"uagb_comment_info":0,"uagb_excerpt":"01 VVG parama verslo prad\u017eiai VVG (Vietos veiklos grupi\u0173) parama verslo prad\u017eiai Lietuvoje skiriama per LEADER program\u0105, da\u017eniausiai per VVG [&hellip;]","_links":{"self":[{"href":"https:\/\/rpprojektai.lt\/b\/wp-json\/wp\/v2\/pages\/87","targetHints":{"allow":["GET"]}}],"collection":[{"href":"https:\/\/rpprojektai.lt\/b\/wp-json\/wp\/v2\/pages"}],"about":[{"href":"https:\/\/rpprojektai.lt\/b\/wp-json\/wp\/v2\/types\/page"}],"author":[{"embeddable":true,"href":"https:\/\/rpprojektai.lt\/b\/wp-json\/wp\/v2\/users\/1"}],"replies":[{"embeddable":true,"href":"https:\/\/rpprojektai.lt\/b\/wp-json\/wp\/v2\/comments?post=87"}],"version-history":[{"count":8,"href":"https:\/\/rpprojektai.lt\/b\/wp-json\/wp\/v2\/pages\/87\/revisions"}],"predecessor-version":[{"id":1730,"href":"https:\/\/rpprojektai.lt\/b\/wp-json\/wp\/v2\/pages\/87\/revisions\/1730"}],"wp:attachment":[{"href":"https:\/\/rpprojektai.lt\/b\/wp-json\/wp\/v2\/media?parent=87"}],"curies":[{"name":"wp","href":"https:\/\/api.w.org\/{rel}","templated":true}]}}