{"id":88,"date":"2026-02-19T18:57:12","date_gmt":"2026-02-19T18:57:12","guid":{"rendered":"http:\/\/rpprojektai.lt\/b\/contact\/"},"modified":"2026-02-23T07:09:16","modified_gmt":"2026-02-23T07:09:16","slug":"kontaktai","status":"publish","type":"page","link":"https:\/\/rpprojektai.lt\/b\/kontaktai\/","title":{"rendered":"Kontaktai"},"content":{"rendered":"<div data-spectra-id=\"a0b3a546\"\tstyle=\"overflow: visible; --spectra-background-color: var(--ast-global-color-4);\" class=\"spectra-is-root-container alignfull spectra-overlay-color spectra-overflow spectra-background-color wp-block-spectra-container\" data-orientation=\"vertical\"\t>\n\t\n<div data-spectra-id=\"spectra-mhly2vvk-sh5317\" style=\"overflow: visible\" class=\"spectra-overlay-color spectra-overflow wp-block-spectra-container\" data-orientation=\"vertical\">\n\t\n\t<h3 data-spectra-id=\"spectra-cfdb72a0-heading\" class=\"wp-block-spectra-content\">\n\t\tKontaktai\t<\/h3>\n\n<\/div>\n\n<\/div>\n\n\n\n<p id=\"block-3d64e149-d7ba-4f18-b71b-253b5ebec0aa\"><br>Region\u0173 pl\u0117tros projektai, V\u0161\u012e<br>\u012emon\u0117s kodas 303376402<\/p>\n\n\n\n\n\n<p><strong>Tel.<\/strong><br>+370 674 41341 <\/p>\n\n\n\n<p><strong>El.<\/strong> <strong>pa\u0161tas<\/strong><br>info@rpprojektai.lt<br><br><strong>Adresas<\/strong><br>Savanori\u0173 pr. 192, Kaunas<\/p>\n","protected":false},"excerpt":{"rendered":"<p>Region\u0173 pl\u0117tros projektai, V\u0161\u012e\u012emon\u0117s kodas 303376402 Tel.+370 674 41341 El. pa\u0161tasinfo@rpprojektai.lt AdresasSavanori\u0173 pr. 192, Kaunas<\/p>\n","protected":false},"author":1,"featured_media":0,"parent":0,"menu_order":0,"comment_status":"closed","ping_status":"closed","template":"","meta":{"_uag_custom_page_level_css":"","site-sidebar-layout":"default","site-content-layout":"","ast-site-content-layout":"default","site-content-style":"default","site-sidebar-style":"default","ast-global-header-display":"","ast-banner-title-visibility":"","ast-main-header-display":"","ast-hfb-above-header-display":"","ast-hfb-below-header-display":"","ast-hfb-mobile-header-display":"","site-post-title":"disabled","ast-breadcrumbs-content":"","ast-featured-img":"","footer-sml-layout":"","ast-disable-related-posts":"","theme-transparent-header-meta":"enabled","adv-header-id-meta":"","stick-header-meta":"","header-above-stick-meta":"","header-main-stick-meta":"","header-below-stick-meta":"","astra-migrate-meta-layouts":"default","ast-page-background-enabled":"default","ast-page-background-meta":{"desktop":{"background-color":"var(--ast-global-color-4)","background-image":"","background-repeat":"repeat","background-position":"center center","background-size":"auto","background-attachment":"scroll","background-type":"","background-media":"","overlay-type":"","overlay-color":"","overlay-opacity":"","overlay-gradient":""},"tablet":{"background-color":"","background-image":"","background-repeat":"repeat","background-position":"center center","background-size":"auto","background-attachment":"scroll","background-type":"","background-media":"","overlay-type":"","overlay-color":"","overlay-opacity":"","overlay-gradient":""},"mobile":{"background-color":"","background-image":"","background-repeat":"repeat","background-position":"center center","background-size":"auto","background-attachment":"scroll","background-type":"","background-media":"","overlay-type":"","overlay-color":"","overlay-opacity":"","overlay-gradient":""}},"ast-content-background-meta":{"desktop":{"background-color":"var(--ast-global-color-5)","background-image":"","background-repeat":"repeat","background-position":"center center","background-size":"auto","background-attachment":"scroll","background-type":"","background-media":"","overlay-type":"","overlay-color":"","overlay-opacity":"","overlay-gradient":""},"tablet":{"background-color":"var(--ast-global-color-5)","background-image":"","background-repeat":"repeat","background-position":"center center","background-size":"auto","background-attachment":"scroll","background-type":"","background-media":"","overlay-type":"","overlay-color":"","overlay-opacity":"","overlay-gradient":""},"mobile":{"background-color":"var(--ast-global-color-5)","background-image":"","background-repeat":"repeat","background-position":"center center","background-size":"auto","background-attachment":"scroll","background-type":"","background-media":"","overlay-type":"","overlay-color":"","overlay-opacity":"","overlay-gradient":""}},"footnotes":""},"class_list":["post-88","page","type-page","status-publish","hentry"],"uagb_featured_image_src":{"full":false,"thumbnail":false,"medium":false,"medium_large":false,"large":false,"1536x1536":false,"2048x2048":false},"uagb_author_info":{"display_name":"Regionu pletros projektai","author_link":"https:\/\/rpprojektai.lt\/b\/author\/regionu-pletros-projektai\/"},"uagb_comment_info":0,"uagb_excerpt":"Region\u0173 pl\u0117tros projektai, V\u0161\u012e\u012emon\u0117s kodas 303376402 Tel.+370 674 41341 El. pa\u0161tasinfo@rpprojektai.lt AdresasSavanori\u0173 pr. 192, Kaunas","_links":{"self":[{"href":"https:\/\/rpprojektai.lt\/b\/wp-json\/wp\/v2\/pages\/88","targetHints":{"allow":["GET"]}}],"collection":[{"href":"https:\/\/rpprojektai.lt\/b\/wp-json\/wp\/v2\/pages"}],"about":[{"href":"https:\/\/rpprojektai.lt\/b\/wp-json\/wp\/v2\/types\/page"}],"author":[{"embeddable":true,"href":"https:\/\/rpprojektai.lt\/b\/wp-json\/wp\/v2\/users\/1"}],"replies":[{"embeddable":true,"href":"https:\/\/rpprojektai.lt\/b\/wp-json\/wp\/v2\/comments?post=88"}],"version-history":[{"count":13,"href":"https:\/\/rpprojektai.lt\/b\/wp-json\/wp\/v2\/pages\/88\/revisions"}],"predecessor-version":[{"id":1734,"href":"https:\/\/rpprojektai.lt\/b\/wp-json\/wp\/v2\/pages\/88\/revisions\/1734"}],"wp:attachment":[{"href":"https:\/\/rpprojektai.lt\/b\/wp-json\/wp\/v2\/media?parent=88"}],"curies":[{"name":"wp","href":"https:\/\/api.w.org\/{rel}","templated":true}]}}